{"id":15091,"date":"2025-12-11T18:00:18","date_gmt":"2025-12-11T17:00:18","guid":{"rendered":"https:\/\/tiendadeproductosdelimpieza.com\/?post_type=product&#038;p=15091"},"modified":"2025-12-11T18:00:18","modified_gmt":"2025-12-11T17:00:18","slug":"fregona-algodon-crudo","status":"publish","type":"product","link":"https:\/\/tiendadeproductosdelimpieza.com\/index.php\/producto\/fregona-algodon-crudo\/","title":{"rendered":"FREGONA ALGODON CRUDO"},"content":{"rendered":"<div class=\"flex flex-col text-sm @w-xl\/main:pt-header-height pb-25\">\n<article class=\"text-token-text-primary w-full focus:outline-none [--shadow-height:45px] has-data-writing-block:pointer-events-none has-data-writing-block:-mt-(--shadow-height) has-data-writing-block:pt-(--shadow-height) [&amp;:has([data-writing-block])&gt;*]:pointer-events-auto scroll-mt-[calc(var(--header-height)+min(200px,max(70px,20svh)))]\" dir=\"auto\" tabindex=\"-1\" data-turn-id=\"request-WEB:20ee3301-7245-4503-b114-19b92c8bd065-5\" data-testid=\"conversation-turn-12\" data-scroll-anchor=\"true\" data-turn=\"assistant\">\n<div class=\"text-base my-auto mx-auto pb-10 [--thread-content-margin:--spacing(4)] @w-sm\/main:[--thread-content-margin:--spacing(6)] @w-lg\/main:[--thread-content-margin:--spacing(16)] px-(--thread-content-margin)\">\n<div class=\"[--thread-content-max-width:40rem] @w-lg\/main:[--thread-content-max-width:48rem] mx-auto max-w-(--thread-content-max-width) flex-1 group\/turn-messages focus-visible:outline-hidden relative flex w-full min-w-0 flex-col agent-turn\" tabindex=\"-1\">\n<div class=\"flex max-w-full flex-col grow\">\n<div class=\"min-h-8 text-message relative flex w-full flex-col items-end gap-2 text-start break-words whitespace-normal [.text-message+&amp;]:mt-1\" dir=\"auto\" data-message-author-role=\"assistant\" data-message-id=\"0e8a08de-c909-4963-97c7-0397617d5db4\" data-message-model-slug=\"gpt-5-1\">\n<div class=\"flex w-full flex-col gap-1 empty:hidden first:pt-[1px]\">\n<div class=\"markdown prose dark:prose-invert w-full break-words light markdown-new-styling\">\n<p data-start=\"69\" data-end=\"308\" data-is-last-node=\"\" data-is-only-node=\"\">Fregona absorbente y resistente fabricada en algod\u00f3n crudo, ideal para una limpieza eficaz en todo tipo de suelos. Ofrece gran capacidad de absorci\u00f3n y durabilidad, perfecta para uso dom\u00e9stico y profesional.<\/p>\n<\/div>\n<\/div>\n<\/div>\n<\/div>\n<div class=\"z-0 flex min-h-[46px] justify-start\"><\/div>\n<div class=\"mt-3 w-full empty:hidden\">\n<div class=\"text-center\"><\/div>\n<\/div>\n<\/div>\n<\/div>\n<\/article>\n<\/div>\n<div class=\"pointer-events-none h-px w-px absolute bottom-0\" aria-hidden=\"true\" data-edge=\"true\"><\/div>\n","protected":false},"excerpt":{"rendered":"<div class=\"flex flex-col text-sm @w-xl\/main:pt-header-height pb-25\">\n<article class=\"text-token-text-primary w-full focus:outline-none [--shadow-height:45px] has-data-writing-block:pointer-events-none has-data-writing-block:-mt-(--shadow-height) has-data-writing-block:pt-(--shadow-height) [&amp;:has([data-writing-block])&gt;*]:pointer-events-auto scroll-mt-[calc(var(--header-height)+min(200px,max(70px,20svh)))]\" dir=\"auto\" tabindex=\"-1\" data-turn-id=\"request-WEB:20ee3301-7245-4503-b114-19b92c8bd065-5\" data-testid=\"conversation-turn-12\" data-scroll-anchor=\"true\" data-turn=\"assistant\">\n<div class=\"text-base my-auto mx-auto pb-10 [--thread-content-margin:--spacing(4)] @w-sm\/main:[--thread-content-margin:--spacing(6)] @w-lg\/main:[--thread-content-margin:--spacing(16)] px-(--thread-content-margin)\">\n<div class=\"[--thread-content-max-width:40rem] @w-lg\/main:[--thread-content-max-width:48rem] mx-auto max-w-(--thread-content-max-width) flex-1 group\/turn-messages focus-visible:outline-hidden relative flex w-full min-w-0 flex-col agent-turn\" tabindex=\"-1\">\n<div class=\"flex max-w-full flex-col grow\">\n<div class=\"min-h-8 text-message relative flex w-full flex-col items-end gap-2 text-start break-words whitespace-normal [.text-message+&amp;]:mt-1\" dir=\"auto\" data-message-author-role=\"assistant\" data-message-id=\"0e8a08de-c909-4963-97c7-0397617d5db4\" data-message-model-slug=\"gpt-5-1\">\n<div class=\"flex w-full flex-col gap-1 empty:hidden first:pt-[1px]\">\n<div class=\"markdown prose dark:prose-invert w-full break-words light markdown-new-styling\">\n<p data-start=\"69\" data-end=\"308\" data-is-last-node=\"\" data-is-only-node=\"\">Fregona absorbente y resistente fabricada en algod\u00f3n crudo, ideal para una limpieza eficaz en todo tipo de suelos. Ofrece gran capacidad de absorci\u00f3n y durabilidad, perfecta para uso dom\u00e9stico y profesional.<\/p>\n<\/div>\n<\/div>\n<\/div>\n<\/div>\n<div class=\"z-0 flex min-h-[46px] justify-start\"><\/div>\n<div class=\"mt-3 w-full empty:hidden\">\n<div class=\"text-center\"><\/div>\n<\/div>\n<\/div>\n<\/div>\n<\/article>\n<\/div>\n<div class=\"pointer-events-none h-px w-px absolute bottom-0\" aria-hidden=\"true\" data-edge=\"true\"><\/div>\n","protected":false},"featured_media":15032,"comment_status":"open","ping_status":"closed","template":"","meta":{"_tbt_post_transparent":"default","_tbt_post_title":"","_tbt_post_layout":"default","_tbt_post_sidebar_id":"","_tbt_post_content_style":"default","_tbt_post_vertical_padding":"default","_tbt_post_feature":"","_tbt_post_feature_position":"","_tbt_post_header":false,"_tbt_post_footer":false},"product_brand":[],"product_cat":[15],"product_tag":[],"class_list":{"0":"post-15091","1":"product","2":"type-product","3":"status-publish","4":"has-post-thumbnail","6":"product_cat-sin-categorizar","8":"first","9":"instock","10":"taxable","11":"shipping-taxable","12":"purchasable","13":"product-type-simple","14":"entry","15":"content-bg","16":"loop-entry"},"yoast_head":"<!-- This site is optimized with the Yoast SEO plugin v27.4 - https:\/\/yoast.com\/product\/yoast-seo-wordpress\/ -->\n<title>FREGONA ALGODON CRUDO - Punto Limpio<\/title>\n<meta name=\"description\" content=\"Fregona absorbente y resistente fabricada en algod\u00f3n crudo, ideal para una limpieza eficaz en todo tipo de suelos.\" \/>\n<meta name=\"robots\" content=\"index, follow, max-snippet:-1, max-image-preview:large, max-video-preview:-1\" \/>\n<link rel=\"canonical\" href=\"https:\/\/tiendadeproductosdelimpieza.com\/index.php\/producto\/fregona-algodon-crudo\/\" \/>\n<meta property=\"og:locale\" content=\"es_ES\" \/>\n<meta property=\"og:type\" content=\"article\" \/>\n<meta property=\"og:title\" content=\"FREGONA ALGODON CRUDO - Punto Limpio\" \/>\n<meta property=\"og:description\" content=\"Fregona absorbente y resistente fabricada en algod\u00f3n crudo, ideal para una limpieza eficaz en todo tipo de suelos.\" \/>\n<meta property=\"og:url\" content=\"https:\/\/tiendadeproductosdelimpieza.com\/index.php\/producto\/fregona-algodon-crudo\/\" \/>\n<meta property=\"og:site_name\" content=\"Punto Limpio\" \/>\n<meta property=\"article:publisher\" content=\"https:\/\/www.facebook.com\/puntolimpiotienda\/?locale=es_ES\" \/>\n<meta property=\"og:image\" content=\"https:\/\/tiendadeproductosdelimpieza.com\/wp-content\/uploads\/2025\/12\/algodon-crudo.jpg\" \/>\n\t<meta property=\"og:image:width\" content=\"400\" \/>\n\t<meta property=\"og:image:height\" content=\"500\" \/>\n\t<meta property=\"og:image:type\" content=\"image\/jpeg\" \/>\n<meta name=\"twitter:card\" content=\"summary_large_image\" \/>\n<meta name=\"twitter:label1\" content=\"Tiempo de lectura\" \/>\n\t<meta name=\"twitter:data1\" content=\"1 minuto\" \/>\n<script type=\"application\/ld+json\" class=\"yoast-schema-graph\">{\"@context\":\"https:\\\/\\\/schema.org\",\"@graph\":[{\"@type\":\"WebPage\",\"@id\":\"https:\\\/\\\/tiendadeproductosdelimpieza.com\\\/index.php\\\/producto\\\/fregona-algodon-crudo\\\/\",\"url\":\"https:\\\/\\\/tiendadeproductosdelimpieza.com\\\/index.php\\\/producto\\\/fregona-algodon-crudo\\\/\",\"name\":\"FREGONA ALGODON CRUDO - Punto Limpio\",\"isPartOf\":{\"@id\":\"https:\\\/\\\/tiendadeproductosdelimpieza.com\\\/#website\"},\"primaryImageOfPage\":{\"@id\":\"https:\\\/\\\/tiendadeproductosdelimpieza.com\\\/index.php\\\/producto\\\/fregona-algodon-crudo\\\/#primaryimage\"},\"image\":{\"@id\":\"https:\\\/\\\/tiendadeproductosdelimpieza.com\\\/index.php\\\/producto\\\/fregona-algodon-crudo\\\/#primaryimage\"},\"thumbnailUrl\":\"https:\\\/\\\/tiendadeproductosdelimpieza.com\\\/wp-content\\\/uploads\\\/2025\\\/12\\\/algodon-crudo.jpg\",\"datePublished\":\"2025-12-11T17:00:18+00:00\",\"description\":\"Fregona absorbente y resistente fabricada en algod\u00f3n crudo, ideal para una limpieza eficaz en todo tipo de suelos.\",\"breadcrumb\":{\"@id\":\"https:\\\/\\\/tiendadeproductosdelimpieza.com\\\/index.php\\\/producto\\\/fregona-algodon-crudo\\\/#breadcrumb\"},\"inLanguage\":\"es\",\"potentialAction\":[{\"@type\":\"ReadAction\",\"target\":[\"https:\\\/\\\/tiendadeproductosdelimpieza.com\\\/index.php\\\/producto\\\/fregona-algodon-crudo\\\/\"]}]},{\"@type\":\"ImageObject\",\"inLanguage\":\"es\",\"@id\":\"https:\\\/\\\/tiendadeproductosdelimpieza.com\\\/index.php\\\/producto\\\/fregona-algodon-crudo\\\/#primaryimage\",\"url\":\"https:\\\/\\\/tiendadeproductosdelimpieza.com\\\/wp-content\\\/uploads\\\/2025\\\/12\\\/algodon-crudo.jpg\",\"contentUrl\":\"https:\\\/\\\/tiendadeproductosdelimpieza.com\\\/wp-content\\\/uploads\\\/2025\\\/12\\\/algodon-crudo.jpg\",\"width\":400,\"height\":500},{\"@type\":\"BreadcrumbList\",\"@id\":\"https:\\\/\\\/tiendadeproductosdelimpieza.com\\\/index.php\\\/producto\\\/fregona-algodon-crudo\\\/#breadcrumb\",\"itemListElement\":[{\"@type\":\"ListItem\",\"position\":1,\"name\":\"Portada\",\"item\":\"https:\\\/\\\/tiendadeproductosdelimpieza.com\\\/\"},{\"@type\":\"ListItem\",\"position\":2,\"name\":\"Tienda\",\"item\":\"https:\\\/\\\/tiendadeproductosdelimpieza.com\\\/index.php\\\/tienda\\\/\"},{\"@type\":\"ListItem\",\"position\":3,\"name\":\"FREGONA ALGODON CRUDO\"}]},{\"@type\":\"WebSite\",\"@id\":\"https:\\\/\\\/tiendadeproductosdelimpieza.com\\\/#website\",\"url\":\"https:\\\/\\\/tiendadeproductosdelimpieza.com\\\/\",\"name\":\"Tienda de productos de limpieza\",\"description\":\"Punto Limpio SL\",\"publisher\":{\"@id\":\"https:\\\/\\\/tiendadeproductosdelimpieza.com\\\/#organization\"},\"alternateName\":\"Punto Limpio SL\",\"potentialAction\":[{\"@type\":\"SearchAction\",\"target\":{\"@type\":\"EntryPoint\",\"urlTemplate\":\"https:\\\/\\\/tiendadeproductosdelimpieza.com\\\/?s={search_term_string}\"},\"query-input\":{\"@type\":\"PropertyValueSpecification\",\"valueRequired\":true,\"valueName\":\"search_term_string\"}}],\"inLanguage\":\"es\"},{\"@type\":\"Organization\",\"@id\":\"https:\\\/\\\/tiendadeproductosdelimpieza.com\\\/#organization\",\"name\":\"Tienda de productos de limpieza\",\"alternateName\":\"Punto Limpio SL\",\"url\":\"https:\\\/\\\/tiendadeproductosdelimpieza.com\\\/\",\"logo\":{\"@type\":\"ImageObject\",\"inLanguage\":\"es\",\"@id\":\"https:\\\/\\\/tiendadeproductosdelimpieza.com\\\/#\\\/schema\\\/logo\\\/image\\\/\",\"url\":\"https:\\\/\\\/tiendadeproductosdelimpieza.com\\\/wp-content\\\/uploads\\\/2024\\\/05\\\/cropped-Letras-PL-1.png\",\"contentUrl\":\"https:\\\/\\\/tiendadeproductosdelimpieza.com\\\/wp-content\\\/uploads\\\/2024\\\/05\\\/cropped-Letras-PL-1.png\",\"width\":512,\"height\":512,\"caption\":\"Tienda de productos de limpieza\"},\"image\":{\"@id\":\"https:\\\/\\\/tiendadeproductosdelimpieza.com\\\/#\\\/schema\\\/logo\\\/image\\\/\"},\"sameAs\":[\"https:\\\/\\\/www.facebook.com\\\/puntolimpiotienda\\\/?locale=es_ES\",\"https:\\\/\\\/www.instagram.com\\\/punto.limpio\\\/\"]}]}<\/script>\n<!-- \/ Yoast SEO plugin. -->","yoast_head_json":{"title":"FREGONA ALGODON CRUDO - Punto Limpio","description":"Fregona absorbente y resistente fabricada en algod\u00f3n crudo, ideal para una limpieza eficaz en todo tipo de suelos.","robots":{"index":"index","follow":"follow","max-snippet":"max-snippet:-1","max-image-preview":"max-image-preview:large","max-video-preview":"max-video-preview:-1"},"canonical":"https:\/\/tiendadeproductosdelimpieza.com\/index.php\/producto\/fregona-algodon-crudo\/","og_locale":"es_ES","og_type":"article","og_title":"FREGONA ALGODON CRUDO - Punto Limpio","og_description":"Fregona absorbente y resistente fabricada en algod\u00f3n crudo, ideal para una limpieza eficaz en todo tipo de suelos.","og_url":"https:\/\/tiendadeproductosdelimpieza.com\/index.php\/producto\/fregona-algodon-crudo\/","og_site_name":"Punto Limpio","article_publisher":"https:\/\/www.facebook.com\/puntolimpiotienda\/?locale=es_ES","og_image":[{"width":400,"height":500,"url":"https:\/\/tiendadeproductosdelimpieza.com\/wp-content\/uploads\/2025\/12\/algodon-crudo.jpg","type":"image\/jpeg"}],"twitter_card":"summary_large_image","twitter_misc":{"Tiempo de lectura":"1 minuto"},"schema":{"@context":"https:\/\/schema.org","@graph":[{"@type":"WebPage","@id":"https:\/\/tiendadeproductosdelimpieza.com\/index.php\/producto\/fregona-algodon-crudo\/","url":"https:\/\/tiendadeproductosdelimpieza.com\/index.php\/producto\/fregona-algodon-crudo\/","name":"FREGONA ALGODON CRUDO - Punto Limpio","isPartOf":{"@id":"https:\/\/tiendadeproductosdelimpieza.com\/#website"},"primaryImageOfPage":{"@id":"https:\/\/tiendadeproductosdelimpieza.com\/index.php\/producto\/fregona-algodon-crudo\/#primaryimage"},"image":{"@id":"https:\/\/tiendadeproductosdelimpieza.com\/index.php\/producto\/fregona-algodon-crudo\/#primaryimage"},"thumbnailUrl":"https:\/\/tiendadeproductosdelimpieza.com\/wp-content\/uploads\/2025\/12\/algodon-crudo.jpg","datePublished":"2025-12-11T17:00:18+00:00","description":"Fregona absorbente y resistente fabricada en algod\u00f3n crudo, ideal para una limpieza eficaz en todo tipo de suelos.","breadcrumb":{"@id":"https:\/\/tiendadeproductosdelimpieza.com\/index.php\/producto\/fregona-algodon-crudo\/#breadcrumb"},"inLanguage":"es","potentialAction":[{"@type":"ReadAction","target":["https:\/\/tiendadeproductosdelimpieza.com\/index.php\/producto\/fregona-algodon-crudo\/"]}]},{"@type":"ImageObject","inLanguage":"es","@id":"https:\/\/tiendadeproductosdelimpieza.com\/index.php\/producto\/fregona-algodon-crudo\/#primaryimage","url":"https:\/\/tiendadeproductosdelimpieza.com\/wp-content\/uploads\/2025\/12\/algodon-crudo.jpg","contentUrl":"https:\/\/tiendadeproductosdelimpieza.com\/wp-content\/uploads\/2025\/12\/algodon-crudo.jpg","width":400,"height":500},{"@type":"BreadcrumbList","@id":"https:\/\/tiendadeproductosdelimpieza.com\/index.php\/producto\/fregona-algodon-crudo\/#breadcrumb","itemListElement":[{"@type":"ListItem","position":1,"name":"Portada","item":"https:\/\/tiendadeproductosdelimpieza.com\/"},{"@type":"ListItem","position":2,"name":"Tienda","item":"https:\/\/tiendadeproductosdelimpieza.com\/index.php\/tienda\/"},{"@type":"ListItem","position":3,"name":"FREGONA ALGODON CRUDO"}]},{"@type":"WebSite","@id":"https:\/\/tiendadeproductosdelimpieza.com\/#website","url":"https:\/\/tiendadeproductosdelimpieza.com\/","name":"Tienda de productos de limpieza","description":"Punto Limpio SL","publisher":{"@id":"https:\/\/tiendadeproductosdelimpieza.com\/#organization"},"alternateName":"Punto Limpio SL","potentialAction":[{"@type":"SearchAction","target":{"@type":"EntryPoint","urlTemplate":"https:\/\/tiendadeproductosdelimpieza.com\/?s={search_term_string}"},"query-input":{"@type":"PropertyValueSpecification","valueRequired":true,"valueName":"search_term_string"}}],"inLanguage":"es"},{"@type":"Organization","@id":"https:\/\/tiendadeproductosdelimpieza.com\/#organization","name":"Tienda de productos de limpieza","alternateName":"Punto Limpio SL","url":"https:\/\/tiendadeproductosdelimpieza.com\/","logo":{"@type":"ImageObject","inLanguage":"es","@id":"https:\/\/tiendadeproductosdelimpieza.com\/#\/schema\/logo\/image\/","url":"https:\/\/tiendadeproductosdelimpieza.com\/wp-content\/uploads\/2024\/05\/cropped-Letras-PL-1.png","contentUrl":"https:\/\/tiendadeproductosdelimpieza.com\/wp-content\/uploads\/2024\/05\/cropped-Letras-PL-1.png","width":512,"height":512,"caption":"Tienda de productos de limpieza"},"image":{"@id":"https:\/\/tiendadeproductosdelimpieza.com\/#\/schema\/logo\/image\/"},"sameAs":["https:\/\/www.facebook.com\/puntolimpiotienda\/?locale=es_ES","https:\/\/www.instagram.com\/punto.limpio\/"]}]}},"_links":{"self":[{"href":"https:\/\/tiendadeproductosdelimpieza.com\/index.php\/wp-json\/wp\/v2\/product\/15091","targetHints":{"allow":["GET"]}}],"collection":[{"href":"https:\/\/tiendadeproductosdelimpieza.com\/index.php\/wp-json\/wp\/v2\/product"}],"about":[{"href":"https:\/\/tiendadeproductosdelimpieza.com\/index.php\/wp-json\/wp\/v2\/types\/product"}],"replies":[{"embeddable":true,"href":"https:\/\/tiendadeproductosdelimpieza.com\/index.php\/wp-json\/wp\/v2\/comments?post=15091"}],"wp:featuredmedia":[{"embeddable":true,"href":"https:\/\/tiendadeproductosdelimpieza.com\/index.php\/wp-json\/wp\/v2\/media\/15032"}],"wp:attachment":[{"href":"https:\/\/tiendadeproductosdelimpieza.com\/index.php\/wp-json\/wp\/v2\/media?parent=15091"}],"wp:term":[{"taxonomy":"product_brand","embeddable":true,"href":"https:\/\/tiendadeproductosdelimpieza.com\/index.php\/wp-json\/wp\/v2\/product_brand?post=15091"},{"taxonomy":"product_cat","embeddable":true,"href":"https:\/\/tiendadeproductosdelimpieza.com\/index.php\/wp-json\/wp\/v2\/product_cat?post=15091"},{"taxonomy":"product_tag","embeddable":true,"href":"https:\/\/tiendadeproductosdelimpieza.com\/index.php\/wp-json\/wp\/v2\/product_tag?post=15091"}],"curies":[{"name":"wp","href":"https:\/\/api.w.org\/{rel}","templated":true}]}}