{"id":14902,"date":"2025-09-15T18:22:30","date_gmt":"2025-09-15T16:22:30","guid":{"rendered":"https:\/\/tiendadeproductosdelimpieza.com\/?post_type=product&#038;p=14902"},"modified":"2025-09-15T18:26:59","modified_gmt":"2025-09-15T16:26:59","slug":"cepillo-carlina","status":"publish","type":"product","link":"https:\/\/tiendadeproductosdelimpieza.com\/index.php\/producto\/cepillo-carlina\/","title":{"rendered":"CEPILLO CARLINA"},"content":{"rendered":"<p data-start=\"203\" data-end=\"407\">El <strong data-start=\"206\" data-end=\"225\">cepillo CARLINA<\/strong> es tu aliado ideal para una limpieza r\u00e1pida y efectiva. Con un dise\u00f1o compacto y funcional, y un vibrante color <strong data-start=\"338\" data-end=\"346\">azul<\/strong>, ofrece un rendimiento superior en todo tipo de superficies.<\/p>\n<p data-start=\"409\" data-end=\"571\">Gracias a sus <strong data-start=\"423\" data-end=\"454\">cerdas firmes y resistentes<\/strong>, el cepillo <strong data-start=\"467\" data-end=\"493\">CARLINA limpia a fondo<\/strong> sin esfuerzo, eliminando suciedad incrustada, polvo y residuos con facilidad.<\/p>\n<p data-start=\"573\" data-end=\"604\"><strong data-start=\"573\" data-end=\"604\">Caracter\u00edsticas destacadas:<\/strong><\/p>\n<ul data-start=\"606\" data-end=\"809\">\n<li data-start=\"606\" data-end=\"667\">\n<p data-start=\"608\" data-end=\"667\"><strong data-start=\"608\" data-end=\"632\">Color azul brillante<\/strong>, moderno y f\u00e1cil de identificar.<\/p>\n<\/li>\n<li data-start=\"668\" data-end=\"736\">\n<p data-start=\"670\" data-end=\"736\"><strong data-start=\"670\" data-end=\"696\">Cerdas de alta calidad<\/strong> que garantizan una limpieza profunda.<\/p>\n<\/li>\n<li data-start=\"737\" data-end=\"780\">\n<p data-start=\"739\" data-end=\"780\">Ideal para uso dom\u00e9stico o profesional.<\/p>\n<\/li>\n<li data-start=\"781\" data-end=\"809\">\n<p data-start=\"783\" data-end=\"809\">C\u00f3modo, ligero y duradero.<\/p>\n<\/li>\n<\/ul>\n<p data-start=\"811\" data-end=\"910\">Con <strong data-start=\"815\" data-end=\"826\">CARLINA<\/strong>, limpiar es m\u00e1s f\u00e1cil, r\u00e1pido y eficaz. \u00a1Notar\u00e1s la diferencia desde el primer uso!<\/p>\n","protected":false},"excerpt":{"rendered":"<p>El cepillo CARLINA es tu aliado ideal para una limpieza r\u00e1pida y efectiva. Con un dise\u00f1o compacto y funcional, y un vibrante color azul, ofrece un rendimiento superior en todo tipo de superficies. Gracias a sus cerdas firmes y resistentes, el cepillo CARLINA limpia a fondo sin esfuerzo, eliminando suciedad incrustada, polvo y residuos con&#8230;<\/p>\n","protected":false},"featured_media":14822,"comment_status":"open","ping_status":"closed","template":"","meta":{"_tbt_post_transparent":"default","_tbt_post_title":"","_tbt_post_layout":"default","_tbt_post_sidebar_id":"","_tbt_post_content_style":"default","_tbt_post_vertical_padding":"default","_tbt_post_feature":"","_tbt_post_feature_position":"","_tbt_post_header":false,"_tbt_post_footer":false},"product_brand":[],"product_cat":[15],"product_tag":[],"class_list":{"0":"post-14902","1":"product","2":"type-product","3":"status-publish","4":"has-post-thumbnail","6":"product_cat-sin-categorizar","8":"first","9":"instock","10":"taxable","11":"shipping-taxable","12":"purchasable","13":"product-type-simple","14":"entry","15":"content-bg","16":"loop-entry"},"yoast_head":"<!-- This site is optimized with the Yoast SEO plugin v27.5 - https:\/\/yoast.com\/product\/yoast-seo-wordpress\/ -->\n<title>CEPILLO CARLINA - Punto Limpio<\/title>\n<meta name=\"description\" content=\"El cepillo CARLINA es tu aliado ideal para limpieza r\u00e1pida y efectiva.\" \/>\n<meta name=\"robots\" content=\"index, follow, max-snippet:-1, max-image-preview:large, max-video-preview:-1\" \/>\n<link rel=\"canonical\" href=\"https:\/\/tiendadeproductosdelimpieza.com\/index.php\/producto\/cepillo-carlina\/\" \/>\n<meta property=\"og:locale\" content=\"es_ES\" \/>\n<meta property=\"og:type\" content=\"article\" \/>\n<meta property=\"og:title\" content=\"CEPILLO CARLINA - Punto Limpio\" \/>\n<meta property=\"og:description\" content=\"El cepillo CARLINA es tu aliado ideal para limpieza r\u00e1pida y efectiva.\" \/>\n<meta property=\"og:url\" content=\"https:\/\/tiendadeproductosdelimpieza.com\/index.php\/producto\/cepillo-carlina\/\" \/>\n<meta property=\"og:site_name\" content=\"Punto Limpio\" \/>\n<meta property=\"article:publisher\" content=\"https:\/\/www.facebook.com\/puntolimpiotienda\/?locale=es_ES\" \/>\n<meta property=\"article:modified_time\" content=\"2025-09-15T16:26:59+00:00\" \/>\n<meta property=\"og:image\" content=\"https:\/\/tiendadeproductosdelimpieza.com\/wp-content\/uploads\/2025\/07\/image00031.png\" \/>\n\t<meta property=\"og:image:width\" content=\"2048\" \/>\n\t<meta property=\"og:image:height\" content=\"2048\" \/>\n\t<meta property=\"og:image:type\" content=\"image\/png\" \/>\n<meta name=\"twitter:card\" content=\"summary_large_image\" \/>\n<meta name=\"twitter:label1\" content=\"Tiempo de lectura\" \/>\n\t<meta name=\"twitter:data1\" content=\"1 minuto\" \/>\n<script type=\"application\/ld+json\" class=\"yoast-schema-graph\">{\"@context\":\"https:\\\/\\\/schema.org\",\"@graph\":[{\"@type\":\"WebPage\",\"@id\":\"https:\\\/\\\/tiendadeproductosdelimpieza.com\\\/index.php\\\/producto\\\/cepillo-carlina\\\/\",\"url\":\"https:\\\/\\\/tiendadeproductosdelimpieza.com\\\/index.php\\\/producto\\\/cepillo-carlina\\\/\",\"name\":\"CEPILLO CARLINA - Punto Limpio\",\"isPartOf\":{\"@id\":\"https:\\\/\\\/tiendadeproductosdelimpieza.com\\\/#website\"},\"primaryImageOfPage\":{\"@id\":\"https:\\\/\\\/tiendadeproductosdelimpieza.com\\\/index.php\\\/producto\\\/cepillo-carlina\\\/#primaryimage\"},\"image\":{\"@id\":\"https:\\\/\\\/tiendadeproductosdelimpieza.com\\\/index.php\\\/producto\\\/cepillo-carlina\\\/#primaryimage\"},\"thumbnailUrl\":\"https:\\\/\\\/tiendadeproductosdelimpieza.com\\\/wp-content\\\/uploads\\\/2025\\\/07\\\/image00031.png\",\"datePublished\":\"2025-09-15T16:22:30+00:00\",\"dateModified\":\"2025-09-15T16:26:59+00:00\",\"description\":\"El cepillo CARLINA es tu aliado ideal para limpieza r\u00e1pida y efectiva.\",\"breadcrumb\":{\"@id\":\"https:\\\/\\\/tiendadeproductosdelimpieza.com\\\/index.php\\\/producto\\\/cepillo-carlina\\\/#breadcrumb\"},\"inLanguage\":\"es\",\"potentialAction\":[{\"@type\":\"ReadAction\",\"target\":[\"https:\\\/\\\/tiendadeproductosdelimpieza.com\\\/index.php\\\/producto\\\/cepillo-carlina\\\/\"]}]},{\"@type\":\"ImageObject\",\"inLanguage\":\"es\",\"@id\":\"https:\\\/\\\/tiendadeproductosdelimpieza.com\\\/index.php\\\/producto\\\/cepillo-carlina\\\/#primaryimage\",\"url\":\"https:\\\/\\\/tiendadeproductosdelimpieza.com\\\/wp-content\\\/uploads\\\/2025\\\/07\\\/image00031.png\",\"contentUrl\":\"https:\\\/\\\/tiendadeproductosdelimpieza.com\\\/wp-content\\\/uploads\\\/2025\\\/07\\\/image00031.png\",\"width\":2048,\"height\":2048},{\"@type\":\"BreadcrumbList\",\"@id\":\"https:\\\/\\\/tiendadeproductosdelimpieza.com\\\/index.php\\\/producto\\\/cepillo-carlina\\\/#breadcrumb\",\"itemListElement\":[{\"@type\":\"ListItem\",\"position\":1,\"name\":\"Portada\",\"item\":\"https:\\\/\\\/tiendadeproductosdelimpieza.com\\\/\"},{\"@type\":\"ListItem\",\"position\":2,\"name\":\"Tienda\",\"item\":\"https:\\\/\\\/tiendadeproductosdelimpieza.com\\\/index.php\\\/tienda\\\/\"},{\"@type\":\"ListItem\",\"position\":3,\"name\":\"CEPILLO CARLINA\"}]},{\"@type\":\"WebSite\",\"@id\":\"https:\\\/\\\/tiendadeproductosdelimpieza.com\\\/#website\",\"url\":\"https:\\\/\\\/tiendadeproductosdelimpieza.com\\\/\",\"name\":\"Tienda de productos de limpieza\",\"description\":\"Punto Limpio SL\",\"publisher\":{\"@id\":\"https:\\\/\\\/tiendadeproductosdelimpieza.com\\\/#organization\"},\"alternateName\":\"Punto Limpio SL\",\"potentialAction\":[{\"@type\":\"SearchAction\",\"target\":{\"@type\":\"EntryPoint\",\"urlTemplate\":\"https:\\\/\\\/tiendadeproductosdelimpieza.com\\\/?s={search_term_string}\"},\"query-input\":{\"@type\":\"PropertyValueSpecification\",\"valueRequired\":true,\"valueName\":\"search_term_string\"}}],\"inLanguage\":\"es\"},{\"@type\":\"Organization\",\"@id\":\"https:\\\/\\\/tiendadeproductosdelimpieza.com\\\/#organization\",\"name\":\"Tienda de productos de limpieza\",\"alternateName\":\"Punto Limpio SL\",\"url\":\"https:\\\/\\\/tiendadeproductosdelimpieza.com\\\/\",\"logo\":{\"@type\":\"ImageObject\",\"inLanguage\":\"es\",\"@id\":\"https:\\\/\\\/tiendadeproductosdelimpieza.com\\\/#\\\/schema\\\/logo\\\/image\\\/\",\"url\":\"https:\\\/\\\/tiendadeproductosdelimpieza.com\\\/wp-content\\\/uploads\\\/2024\\\/05\\\/cropped-Letras-PL-1.png\",\"contentUrl\":\"https:\\\/\\\/tiendadeproductosdelimpieza.com\\\/wp-content\\\/uploads\\\/2024\\\/05\\\/cropped-Letras-PL-1.png\",\"width\":512,\"height\":512,\"caption\":\"Tienda de productos de limpieza\"},\"image\":{\"@id\":\"https:\\\/\\\/tiendadeproductosdelimpieza.com\\\/#\\\/schema\\\/logo\\\/image\\\/\"},\"sameAs\":[\"https:\\\/\\\/www.facebook.com\\\/puntolimpiotienda\\\/?locale=es_ES\",\"https:\\\/\\\/www.instagram.com\\\/punto.limpio\\\/\"]}]}<\/script>\n<!-- \/ Yoast SEO plugin. -->","yoast_head_json":{"title":"CEPILLO CARLINA - Punto Limpio","description":"El cepillo CARLINA es tu aliado ideal para limpieza r\u00e1pida y efectiva.","robots":{"index":"index","follow":"follow","max-snippet":"max-snippet:-1","max-image-preview":"max-image-preview:large","max-video-preview":"max-video-preview:-1"},"canonical":"https:\/\/tiendadeproductosdelimpieza.com\/index.php\/producto\/cepillo-carlina\/","og_locale":"es_ES","og_type":"article","og_title":"CEPILLO CARLINA - Punto Limpio","og_description":"El cepillo CARLINA es tu aliado ideal para limpieza r\u00e1pida y efectiva.","og_url":"https:\/\/tiendadeproductosdelimpieza.com\/index.php\/producto\/cepillo-carlina\/","og_site_name":"Punto Limpio","article_publisher":"https:\/\/www.facebook.com\/puntolimpiotienda\/?locale=es_ES","article_modified_time":"2025-09-15T16:26:59+00:00","og_image":[{"width":2048,"height":2048,"url":"https:\/\/tiendadeproductosdelimpieza.com\/wp-content\/uploads\/2025\/07\/image00031.png","type":"image\/png"}],"twitter_card":"summary_large_image","twitter_misc":{"Tiempo de lectura":"1 minuto"},"schema":{"@context":"https:\/\/schema.org","@graph":[{"@type":"WebPage","@id":"https:\/\/tiendadeproductosdelimpieza.com\/index.php\/producto\/cepillo-carlina\/","url":"https:\/\/tiendadeproductosdelimpieza.com\/index.php\/producto\/cepillo-carlina\/","name":"CEPILLO CARLINA - Punto Limpio","isPartOf":{"@id":"https:\/\/tiendadeproductosdelimpieza.com\/#website"},"primaryImageOfPage":{"@id":"https:\/\/tiendadeproductosdelimpieza.com\/index.php\/producto\/cepillo-carlina\/#primaryimage"},"image":{"@id":"https:\/\/tiendadeproductosdelimpieza.com\/index.php\/producto\/cepillo-carlina\/#primaryimage"},"thumbnailUrl":"https:\/\/tiendadeproductosdelimpieza.com\/wp-content\/uploads\/2025\/07\/image00031.png","datePublished":"2025-09-15T16:22:30+00:00","dateModified":"2025-09-15T16:26:59+00:00","description":"El cepillo CARLINA es tu aliado ideal para limpieza r\u00e1pida y efectiva.","breadcrumb":{"@id":"https:\/\/tiendadeproductosdelimpieza.com\/index.php\/producto\/cepillo-carlina\/#breadcrumb"},"inLanguage":"es","potentialAction":[{"@type":"ReadAction","target":["https:\/\/tiendadeproductosdelimpieza.com\/index.php\/producto\/cepillo-carlina\/"]}]},{"@type":"ImageObject","inLanguage":"es","@id":"https:\/\/tiendadeproductosdelimpieza.com\/index.php\/producto\/cepillo-carlina\/#primaryimage","url":"https:\/\/tiendadeproductosdelimpieza.com\/wp-content\/uploads\/2025\/07\/image00031.png","contentUrl":"https:\/\/tiendadeproductosdelimpieza.com\/wp-content\/uploads\/2025\/07\/image00031.png","width":2048,"height":2048},{"@type":"BreadcrumbList","@id":"https:\/\/tiendadeproductosdelimpieza.com\/index.php\/producto\/cepillo-carlina\/#breadcrumb","itemListElement":[{"@type":"ListItem","position":1,"name":"Portada","item":"https:\/\/tiendadeproductosdelimpieza.com\/"},{"@type":"ListItem","position":2,"name":"Tienda","item":"https:\/\/tiendadeproductosdelimpieza.com\/index.php\/tienda\/"},{"@type":"ListItem","position":3,"name":"CEPILLO CARLINA"}]},{"@type":"WebSite","@id":"https:\/\/tiendadeproductosdelimpieza.com\/#website","url":"https:\/\/tiendadeproductosdelimpieza.com\/","name":"Tienda de productos de limpieza","description":"Punto Limpio SL","publisher":{"@id":"https:\/\/tiendadeproductosdelimpieza.com\/#organization"},"alternateName":"Punto Limpio SL","potentialAction":[{"@type":"SearchAction","target":{"@type":"EntryPoint","urlTemplate":"https:\/\/tiendadeproductosdelimpieza.com\/?s={search_term_string}"},"query-input":{"@type":"PropertyValueSpecification","valueRequired":true,"valueName":"search_term_string"}}],"inLanguage":"es"},{"@type":"Organization","@id":"https:\/\/tiendadeproductosdelimpieza.com\/#organization","name":"Tienda de productos de limpieza","alternateName":"Punto Limpio SL","url":"https:\/\/tiendadeproductosdelimpieza.com\/","logo":{"@type":"ImageObject","inLanguage":"es","@id":"https:\/\/tiendadeproductosdelimpieza.com\/#\/schema\/logo\/image\/","url":"https:\/\/tiendadeproductosdelimpieza.com\/wp-content\/uploads\/2024\/05\/cropped-Letras-PL-1.png","contentUrl":"https:\/\/tiendadeproductosdelimpieza.com\/wp-content\/uploads\/2024\/05\/cropped-Letras-PL-1.png","width":512,"height":512,"caption":"Tienda de productos de limpieza"},"image":{"@id":"https:\/\/tiendadeproductosdelimpieza.com\/#\/schema\/logo\/image\/"},"sameAs":["https:\/\/www.facebook.com\/puntolimpiotienda\/?locale=es_ES","https:\/\/www.instagram.com\/punto.limpio\/"]}]}},"_links":{"self":[{"href":"https:\/\/tiendadeproductosdelimpieza.com\/index.php\/wp-json\/wp\/v2\/product\/14902","targetHints":{"allow":["GET"]}}],"collection":[{"href":"https:\/\/tiendadeproductosdelimpieza.com\/index.php\/wp-json\/wp\/v2\/product"}],"about":[{"href":"https:\/\/tiendadeproductosdelimpieza.com\/index.php\/wp-json\/wp\/v2\/types\/product"}],"replies":[{"embeddable":true,"href":"https:\/\/tiendadeproductosdelimpieza.com\/index.php\/wp-json\/wp\/v2\/comments?post=14902"}],"wp:featuredmedia":[{"embeddable":true,"href":"https:\/\/tiendadeproductosdelimpieza.com\/index.php\/wp-json\/wp\/v2\/media\/14822"}],"wp:attachment":[{"href":"https:\/\/tiendadeproductosdelimpieza.com\/index.php\/wp-json\/wp\/v2\/media?parent=14902"}],"wp:term":[{"taxonomy":"product_brand","embeddable":true,"href":"https:\/\/tiendadeproductosdelimpieza.com\/index.php\/wp-json\/wp\/v2\/product_brand?post=14902"},{"taxonomy":"product_cat","embeddable":true,"href":"https:\/\/tiendadeproductosdelimpieza.com\/index.php\/wp-json\/wp\/v2\/product_cat?post=14902"},{"taxonomy":"product_tag","embeddable":true,"href":"https:\/\/tiendadeproductosdelimpieza.com\/index.php\/wp-json\/wp\/v2\/product_tag?post=14902"}],"curies":[{"name":"wp","href":"https:\/\/api.w.org\/{rel}","templated":true}]}}