{"id":14757,"date":"2025-04-02T17:05:22","date_gmt":"2025-04-02T15:05:22","guid":{"rendered":"https:\/\/tiendadeproductosdelimpieza.com\/?post_type=product&#038;p=14757"},"modified":"2025-04-02T17:21:05","modified_gmt":"2025-04-02T15:21:05","slug":"ambientador-cereza","status":"publish","type":"product","link":"https:\/\/tiendadeproductosdelimpieza.com\/index.php\/producto\/ambientador-cereza\/","title":{"rendered":"AMBIENTADOR CEREZA"},"content":{"rendered":"<p>El ambientador de cereza Koyak es un producto dise\u00f1ado para proporcionar un aroma fresco y agradable en diversos espacios, como hogares, oficinas o veh\u00edculos. Su fragancia se caracteriza por un dulce y jugoso olor a cereza, que evoca la frescura de esta fruta, creando un ambiente acogedor y revitalizante.<\/p>\n<p>Este ambientador puede venir en diferentes presentaciones, como aerosoles, difusores o geles, lo que permite adaptarse a las preferencias de cada usuario. Adem\u00e1s, su formulaci\u00f3n est\u00e1 pensada para neutralizar olores desagradables y dejar una estela de fragancia duradera en el ambiente.<\/p>\n<p>La marca Koyak es conocida por ofrecer productos de calidad que buscan mejorar la experiencia sensorial en los espacios donde se utilizan. Con el ambientador de cereza, no solo se busca aromatizar, sino tambi\u00e9n crear una atm\u00f3sfera placentera y acogedora.<\/p>\n","protected":false},"excerpt":{"rendered":"<p>El ambientador de cereza Koyak es un producto dise\u00f1ado para proporcionar un aroma fresco y agradable en diversos espacios, como hogares, oficinas o veh\u00edculos. Su fragancia se caracteriza por un dulce y jugoso olor a cereza, que evoca la frescura de esta fruta, creando un ambiente acogedor y revitalizante.<\/p>\n<p>Este ambientador puede venir en diferentes presentaciones, como aerosoles, difusores o geles, lo que permite adaptarse a las preferencias de cada usuario. Adem\u00e1s, su formulaci\u00f3n est\u00e1 pensada para neutralizar olores desagradables y dejar una estela de fragancia duradera en el ambiente.<\/p>\n<p>La marca Koyak es conocida por ofrecer productos de calidad que buscan mejorar la experiencia sensorial en los espacios donde se utilizan. Con el ambientador de cereza, no solo se busca aromatizar, sino tambi\u00e9n crear una atm\u00f3sfera placentera y acogedora.<\/p>\n","protected":false},"featured_media":14726,"comment_status":"open","ping_status":"closed","template":"","meta":{"_tbt_post_transparent":"default","_tbt_post_title":"","_tbt_post_layout":"default","_tbt_post_sidebar_id":"","_tbt_post_content_style":"default","_tbt_post_vertical_padding":"default","_tbt_post_feature":"","_tbt_post_feature_position":"","_tbt_post_header":false,"_tbt_post_footer":false},"product_brand":[],"product_cat":[233],"product_tag":[107,231,232],"class_list":{"0":"post-14757","1":"product","2":"type-product","3":"status-publish","4":"has-post-thumbnail","6":"product_cat-ambientadores-premium","7":"product_tag-ambientador","8":"product_tag-cereza","9":"product_tag-koyak","11":"first","12":"instock","13":"sale","14":"taxable","15":"shipping-taxable","16":"purchasable","17":"product-type-simple","18":"entry","19":"content-bg","20":"loop-entry"},"yoast_head":"<!-- This site is optimized with the Yoast SEO plugin v27.5 - https:\/\/yoast.com\/product\/yoast-seo-wordpress\/ -->\n<title>AMBIENTADOR CEREZA - Punto Limpio<\/title>\n<meta name=\"description\" content=\"El ambientador de cereza Koyak es un producto dise\u00f1ado para proporcionar un aroma fresco y agradable en diversos espacios.\" \/>\n<meta name=\"robots\" content=\"index, follow, max-snippet:-1, max-image-preview:large, max-video-preview:-1\" \/>\n<link rel=\"canonical\" href=\"https:\/\/tiendadeproductosdelimpieza.com\/index.php\/producto\/ambientador-cereza\/\" \/>\n<meta property=\"og:locale\" content=\"es_ES\" \/>\n<meta property=\"og:type\" content=\"article\" \/>\n<meta property=\"og:title\" content=\"AMBIENTADOR CEREZA - Punto Limpio\" \/>\n<meta property=\"og:description\" content=\"El ambientador de cereza Koyak es un producto dise\u00f1ado para proporcionar un aroma fresco y agradable en diversos espacios.\" \/>\n<meta property=\"og:url\" content=\"https:\/\/tiendadeproductosdelimpieza.com\/index.php\/producto\/ambientador-cereza\/\" \/>\n<meta property=\"og:site_name\" content=\"Punto Limpio\" \/>\n<meta property=\"article:publisher\" content=\"https:\/\/www.facebook.com\/puntolimpiotienda\/?locale=es_ES\" \/>\n<meta property=\"article:modified_time\" content=\"2025-04-02T15:21:05+00:00\" \/>\n<meta property=\"og:image\" content=\"https:\/\/tiendadeproductosdelimpieza.com\/wp-content\/uploads\/2025\/03\/image00013.jpeg\" \/>\n\t<meta property=\"og:image:width\" content=\"1170\" \/>\n\t<meta property=\"og:image:height\" content=\"2080\" \/>\n\t<meta property=\"og:image:type\" content=\"image\/jpeg\" \/>\n<meta name=\"twitter:card\" content=\"summary_large_image\" \/>\n<meta name=\"twitter:label1\" content=\"Tiempo de lectura\" \/>\n\t<meta name=\"twitter:data1\" content=\"1 minuto\" \/>\n<script type=\"application\/ld+json\" class=\"yoast-schema-graph\">{\"@context\":\"https:\\\/\\\/schema.org\",\"@graph\":[{\"@type\":\"WebPage\",\"@id\":\"https:\\\/\\\/tiendadeproductosdelimpieza.com\\\/index.php\\\/producto\\\/ambientador-cereza\\\/\",\"url\":\"https:\\\/\\\/tiendadeproductosdelimpieza.com\\\/index.php\\\/producto\\\/ambientador-cereza\\\/\",\"name\":\"AMBIENTADOR CEREZA - Punto Limpio\",\"isPartOf\":{\"@id\":\"https:\\\/\\\/tiendadeproductosdelimpieza.com\\\/#website\"},\"primaryImageOfPage\":{\"@id\":\"https:\\\/\\\/tiendadeproductosdelimpieza.com\\\/index.php\\\/producto\\\/ambientador-cereza\\\/#primaryimage\"},\"image\":{\"@id\":\"https:\\\/\\\/tiendadeproductosdelimpieza.com\\\/index.php\\\/producto\\\/ambientador-cereza\\\/#primaryimage\"},\"thumbnailUrl\":\"https:\\\/\\\/tiendadeproductosdelimpieza.com\\\/wp-content\\\/uploads\\\/2025\\\/03\\\/image00013.jpeg\",\"datePublished\":\"2025-04-02T15:05:22+00:00\",\"dateModified\":\"2025-04-02T15:21:05+00:00\",\"description\":\"El ambientador de cereza Koyak es un producto dise\u00f1ado para proporcionar un aroma fresco y agradable en diversos espacios.\",\"breadcrumb\":{\"@id\":\"https:\\\/\\\/tiendadeproductosdelimpieza.com\\\/index.php\\\/producto\\\/ambientador-cereza\\\/#breadcrumb\"},\"inLanguage\":\"es\",\"potentialAction\":[{\"@type\":\"ReadAction\",\"target\":[\"https:\\\/\\\/tiendadeproductosdelimpieza.com\\\/index.php\\\/producto\\\/ambientador-cereza\\\/\"]}]},{\"@type\":\"ImageObject\",\"inLanguage\":\"es\",\"@id\":\"https:\\\/\\\/tiendadeproductosdelimpieza.com\\\/index.php\\\/producto\\\/ambientador-cereza\\\/#primaryimage\",\"url\":\"https:\\\/\\\/tiendadeproductosdelimpieza.com\\\/wp-content\\\/uploads\\\/2025\\\/03\\\/image00013.jpeg\",\"contentUrl\":\"https:\\\/\\\/tiendadeproductosdelimpieza.com\\\/wp-content\\\/uploads\\\/2025\\\/03\\\/image00013.jpeg\",\"width\":1170,\"height\":2080},{\"@type\":\"BreadcrumbList\",\"@id\":\"https:\\\/\\\/tiendadeproductosdelimpieza.com\\\/index.php\\\/producto\\\/ambientador-cereza\\\/#breadcrumb\",\"itemListElement\":[{\"@type\":\"ListItem\",\"position\":1,\"name\":\"Portada\",\"item\":\"https:\\\/\\\/tiendadeproductosdelimpieza.com\\\/\"},{\"@type\":\"ListItem\",\"position\":2,\"name\":\"Tienda\",\"item\":\"https:\\\/\\\/tiendadeproductosdelimpieza.com\\\/index.php\\\/tienda\\\/\"},{\"@type\":\"ListItem\",\"position\":3,\"name\":\"AMBIENTADOR CEREZA\"}]},{\"@type\":\"WebSite\",\"@id\":\"https:\\\/\\\/tiendadeproductosdelimpieza.com\\\/#website\",\"url\":\"https:\\\/\\\/tiendadeproductosdelimpieza.com\\\/\",\"name\":\"Tienda de productos de limpieza\",\"description\":\"Punto Limpio SL\",\"publisher\":{\"@id\":\"https:\\\/\\\/tiendadeproductosdelimpieza.com\\\/#organization\"},\"alternateName\":\"Punto Limpio SL\",\"potentialAction\":[{\"@type\":\"SearchAction\",\"target\":{\"@type\":\"EntryPoint\",\"urlTemplate\":\"https:\\\/\\\/tiendadeproductosdelimpieza.com\\\/?s={search_term_string}\"},\"query-input\":{\"@type\":\"PropertyValueSpecification\",\"valueRequired\":true,\"valueName\":\"search_term_string\"}}],\"inLanguage\":\"es\"},{\"@type\":\"Organization\",\"@id\":\"https:\\\/\\\/tiendadeproductosdelimpieza.com\\\/#organization\",\"name\":\"Tienda de productos de limpieza\",\"alternateName\":\"Punto Limpio SL\",\"url\":\"https:\\\/\\\/tiendadeproductosdelimpieza.com\\\/\",\"logo\":{\"@type\":\"ImageObject\",\"inLanguage\":\"es\",\"@id\":\"https:\\\/\\\/tiendadeproductosdelimpieza.com\\\/#\\\/schema\\\/logo\\\/image\\\/\",\"url\":\"https:\\\/\\\/tiendadeproductosdelimpieza.com\\\/wp-content\\\/uploads\\\/2024\\\/05\\\/cropped-Letras-PL-1.png\",\"contentUrl\":\"https:\\\/\\\/tiendadeproductosdelimpieza.com\\\/wp-content\\\/uploads\\\/2024\\\/05\\\/cropped-Letras-PL-1.png\",\"width\":512,\"height\":512,\"caption\":\"Tienda de productos de limpieza\"},\"image\":{\"@id\":\"https:\\\/\\\/tiendadeproductosdelimpieza.com\\\/#\\\/schema\\\/logo\\\/image\\\/\"},\"sameAs\":[\"https:\\\/\\\/www.facebook.com\\\/puntolimpiotienda\\\/?locale=es_ES\",\"https:\\\/\\\/www.instagram.com\\\/punto.limpio\\\/\"]}]}<\/script>\n<!-- \/ Yoast SEO plugin. -->","yoast_head_json":{"title":"AMBIENTADOR CEREZA - Punto Limpio","description":"El ambientador de cereza Koyak es un producto dise\u00f1ado para proporcionar un aroma fresco y agradable en diversos espacios.","robots":{"index":"index","follow":"follow","max-snippet":"max-snippet:-1","max-image-preview":"max-image-preview:large","max-video-preview":"max-video-preview:-1"},"canonical":"https:\/\/tiendadeproductosdelimpieza.com\/index.php\/producto\/ambientador-cereza\/","og_locale":"es_ES","og_type":"article","og_title":"AMBIENTADOR CEREZA - Punto Limpio","og_description":"El ambientador de cereza Koyak es un producto dise\u00f1ado para proporcionar un aroma fresco y agradable en diversos espacios.","og_url":"https:\/\/tiendadeproductosdelimpieza.com\/index.php\/producto\/ambientador-cereza\/","og_site_name":"Punto Limpio","article_publisher":"https:\/\/www.facebook.com\/puntolimpiotienda\/?locale=es_ES","article_modified_time":"2025-04-02T15:21:05+00:00","og_image":[{"width":1170,"height":2080,"url":"https:\/\/tiendadeproductosdelimpieza.com\/wp-content\/uploads\/2025\/03\/image00013.jpeg","type":"image\/jpeg"}],"twitter_card":"summary_large_image","twitter_misc":{"Tiempo de lectura":"1 minuto"},"schema":{"@context":"https:\/\/schema.org","@graph":[{"@type":"WebPage","@id":"https:\/\/tiendadeproductosdelimpieza.com\/index.php\/producto\/ambientador-cereza\/","url":"https:\/\/tiendadeproductosdelimpieza.com\/index.php\/producto\/ambientador-cereza\/","name":"AMBIENTADOR CEREZA - Punto Limpio","isPartOf":{"@id":"https:\/\/tiendadeproductosdelimpieza.com\/#website"},"primaryImageOfPage":{"@id":"https:\/\/tiendadeproductosdelimpieza.com\/index.php\/producto\/ambientador-cereza\/#primaryimage"},"image":{"@id":"https:\/\/tiendadeproductosdelimpieza.com\/index.php\/producto\/ambientador-cereza\/#primaryimage"},"thumbnailUrl":"https:\/\/tiendadeproductosdelimpieza.com\/wp-content\/uploads\/2025\/03\/image00013.jpeg","datePublished":"2025-04-02T15:05:22+00:00","dateModified":"2025-04-02T15:21:05+00:00","description":"El ambientador de cereza Koyak es un producto dise\u00f1ado para proporcionar un aroma fresco y agradable en diversos espacios.","breadcrumb":{"@id":"https:\/\/tiendadeproductosdelimpieza.com\/index.php\/producto\/ambientador-cereza\/#breadcrumb"},"inLanguage":"es","potentialAction":[{"@type":"ReadAction","target":["https:\/\/tiendadeproductosdelimpieza.com\/index.php\/producto\/ambientador-cereza\/"]}]},{"@type":"ImageObject","inLanguage":"es","@id":"https:\/\/tiendadeproductosdelimpieza.com\/index.php\/producto\/ambientador-cereza\/#primaryimage","url":"https:\/\/tiendadeproductosdelimpieza.com\/wp-content\/uploads\/2025\/03\/image00013.jpeg","contentUrl":"https:\/\/tiendadeproductosdelimpieza.com\/wp-content\/uploads\/2025\/03\/image00013.jpeg","width":1170,"height":2080},{"@type":"BreadcrumbList","@id":"https:\/\/tiendadeproductosdelimpieza.com\/index.php\/producto\/ambientador-cereza\/#breadcrumb","itemListElement":[{"@type":"ListItem","position":1,"name":"Portada","item":"https:\/\/tiendadeproductosdelimpieza.com\/"},{"@type":"ListItem","position":2,"name":"Tienda","item":"https:\/\/tiendadeproductosdelimpieza.com\/index.php\/tienda\/"},{"@type":"ListItem","position":3,"name":"AMBIENTADOR CEREZA"}]},{"@type":"WebSite","@id":"https:\/\/tiendadeproductosdelimpieza.com\/#website","url":"https:\/\/tiendadeproductosdelimpieza.com\/","name":"Tienda de productos de limpieza","description":"Punto Limpio SL","publisher":{"@id":"https:\/\/tiendadeproductosdelimpieza.com\/#organization"},"alternateName":"Punto Limpio SL","potentialAction":[{"@type":"SearchAction","target":{"@type":"EntryPoint","urlTemplate":"https:\/\/tiendadeproductosdelimpieza.com\/?s={search_term_string}"},"query-input":{"@type":"PropertyValueSpecification","valueRequired":true,"valueName":"search_term_string"}}],"inLanguage":"es"},{"@type":"Organization","@id":"https:\/\/tiendadeproductosdelimpieza.com\/#organization","name":"Tienda de productos de limpieza","alternateName":"Punto Limpio SL","url":"https:\/\/tiendadeproductosdelimpieza.com\/","logo":{"@type":"ImageObject","inLanguage":"es","@id":"https:\/\/tiendadeproductosdelimpieza.com\/#\/schema\/logo\/image\/","url":"https:\/\/tiendadeproductosdelimpieza.com\/wp-content\/uploads\/2024\/05\/cropped-Letras-PL-1.png","contentUrl":"https:\/\/tiendadeproductosdelimpieza.com\/wp-content\/uploads\/2024\/05\/cropped-Letras-PL-1.png","width":512,"height":512,"caption":"Tienda de productos de limpieza"},"image":{"@id":"https:\/\/tiendadeproductosdelimpieza.com\/#\/schema\/logo\/image\/"},"sameAs":["https:\/\/www.facebook.com\/puntolimpiotienda\/?locale=es_ES","https:\/\/www.instagram.com\/punto.limpio\/"]}]}},"_links":{"self":[{"href":"https:\/\/tiendadeproductosdelimpieza.com\/index.php\/wp-json\/wp\/v2\/product\/14757","targetHints":{"allow":["GET"]}}],"collection":[{"href":"https:\/\/tiendadeproductosdelimpieza.com\/index.php\/wp-json\/wp\/v2\/product"}],"about":[{"href":"https:\/\/tiendadeproductosdelimpieza.com\/index.php\/wp-json\/wp\/v2\/types\/product"}],"replies":[{"embeddable":true,"href":"https:\/\/tiendadeproductosdelimpieza.com\/index.php\/wp-json\/wp\/v2\/comments?post=14757"}],"wp:featuredmedia":[{"embeddable":true,"href":"https:\/\/tiendadeproductosdelimpieza.com\/index.php\/wp-json\/wp\/v2\/media\/14726"}],"wp:attachment":[{"href":"https:\/\/tiendadeproductosdelimpieza.com\/index.php\/wp-json\/wp\/v2\/media?parent=14757"}],"wp:term":[{"taxonomy":"product_brand","embeddable":true,"href":"https:\/\/tiendadeproductosdelimpieza.com\/index.php\/wp-json\/wp\/v2\/product_brand?post=14757"},{"taxonomy":"product_cat","embeddable":true,"href":"https:\/\/tiendadeproductosdelimpieza.com\/index.php\/wp-json\/wp\/v2\/product_cat?post=14757"},{"taxonomy":"product_tag","embeddable":true,"href":"https:\/\/tiendadeproductosdelimpieza.com\/index.php\/wp-json\/wp\/v2\/product_tag?post=14757"}],"curies":[{"name":"wp","href":"https:\/\/api.w.org\/{rel}","templated":true}]}}