{"id":14079,"date":"2024-04-29T20:42:45","date_gmt":"2024-04-29T18:42:45","guid":{"rendered":"https:\/\/tiendadeproductosdelimpieza.com\/?post_type=product&#038;p=14079"},"modified":"2024-10-09T14:18:05","modified_gmt":"2024-10-09T12:18:05","slug":"ag-280-pro-abrillantadora-para-escaleras-pequenas-areas-y-uso-domestico","status":"publish","type":"product","link":"https:\/\/tiendadeproductosdelimpieza.com\/index.php\/producto\/ag-280-pro-abrillantadora-para-escaleras-pequenas-areas-y-uso-domestico\/","title":{"rendered":"AG-280 PRO \u2013 ABRILLANTADORA PARA ESCALERAS, PEQUE\u00d1AS \u00c1REAS Y USO DOM\u00c9STICO"},"content":{"rendered":"<div class=\"images\">\n<p>Las imagenes solo tienen fines ilustrativos<\/p>\n<\/div>\n<div class=\"summary entry-summary\">\n<div>\n<p>AG-280 PRO es una versi\u00f3n potenciada de la AG-280.\u00a0 Gracias a su incremento de potencia y peso, esta m\u00e1quina es capaz de realizar trabajos de pulido integrales incluyendo la fase de rebaje con abrasivos diamantados met\u00e1licos. As\u00ed mismo, ofrece sus habituales excelentes prestaciones en trabajos de cristalizaci\u00f3n, abrillantado, y limpieza, conservando su versatilidad sobre escalones y peque\u00f1as \u00e1reas de dif\u00edcil acceso.<\/p>\n<p>Son m\u00e1quinas construidas a partir de una robusta estructura met\u00e1lica y equipadas con motores de potencia m\u00e1s que suficiente para realizar cualquier labor de decapado, limpieza, diamantado y abrillantado sobre todo tipo de superficies.<\/p>\n<p>Su transmisi\u00f3n directa mediante engranajes incrementa a\u00fan m\u00e1s la fiabilidad y elimina casi totalmente el riesgo de aver\u00edas y la necesidad de mantenimiento con respecto a otros sistemas de transmisi\u00f3n por correas.\u00a0 As\u00ed mismo, el emplazamiento lateral del motor aumenta la presi\u00f3n sobre la periferia del disco, lo que mejora considerablemente el rendimiento en trabajos de diamantado y cristalizaci\u00f3n, aumentando la intensidad del brillo obtenido.<\/p>\n<p>De funcionamiento silencioso y muy f\u00e1cil utilizaci\u00f3n, son m\u00e1quinas ideales tanto para un uso profesional en condiciones de trabajo exigentes, como para utilizaci\u00f3n dom\u00e9stica por personas sin experiencia previa.\u00a0\u00a0 Las m\u00e1quinas se suministran con el plato porta disco y opcionalmente pueden equipar cepillos para diversas aplicaciones.<\/p>\n<p>Para obtener los mejores y m\u00e1s brillantes resultados con estas m\u00e1quinas, no olvide utilizar siempre los abrasivos diamantados y productos qu\u00edmicos para cristalizaci\u00f3n, limpieza y mantenimiento de ABRASIVOS AGUILA.<\/p>\n<\/div>\n<\/div>\n","protected":false},"excerpt":{"rendered":"<p>Las imagenes solo tienen fines ilustrativos AG-280 PRO es una versi\u00f3n potenciada de la AG-280.\u00a0 Gracias a su incremento de potencia y peso, esta m\u00e1quina es capaz de realizar trabajos de pulido integrales incluyendo la fase de rebaje con abrasivos diamantados met\u00e1licos. As\u00ed mismo, ofrece sus habituales excelentes prestaciones en trabajos de cristalizaci\u00f3n, abrillantado, y&#8230;<\/p>\n","protected":false},"featured_media":14082,"comment_status":"open","ping_status":"closed","template":"","meta":{"_tbt_post_transparent":"default","_tbt_post_title":"","_tbt_post_layout":"default","_tbt_post_sidebar_id":"","_tbt_post_content_style":"default","_tbt_post_vertical_padding":"default","_tbt_post_feature":"","_tbt_post_feature_position":"","_tbt_post_header":false,"_tbt_post_footer":false},"product_brand":[],"product_cat":[143,152],"product_tag":[],"class_list":{"0":"post-14079","1":"product","2":"type-product","3":"status-publish","4":"has-post-thumbnail","6":"product_cat-maquinaria","7":"product_cat-rotativas","9":"first","10":"instock","11":"taxable","12":"shipping-taxable","13":"purchasable","14":"product-type-simple","15":"entry","16":"content-bg","17":"loop-entry"},"yoast_head":"<!-- This site is optimized with the Yoast SEO plugin v27.5 - https:\/\/yoast.com\/product\/yoast-seo-wordpress\/ -->\n<title>AG-280 PRO \u2013 ABRILLANTADORA PARA ESCALERAS, PEQUE\u00d1AS \u00c1REAS Y USO DOM\u00c9STICO - Punto Limpio<\/title>\n<meta name=\"robots\" content=\"index, follow, max-snippet:-1, max-image-preview:large, max-video-preview:-1\" \/>\n<link rel=\"canonical\" href=\"https:\/\/tiendadeproductosdelimpieza.com\/index.php\/producto\/ag-280-pro-abrillantadora-para-escaleras-pequenas-areas-y-uso-domestico\/\" \/>\n<meta property=\"og:locale\" content=\"es_ES\" \/>\n<meta property=\"og:type\" content=\"article\" \/>\n<meta property=\"og:title\" content=\"AG-280 PRO \u2013 ABRILLANTADORA PARA ESCALERAS, PEQUE\u00d1AS \u00c1REAS Y USO DOM\u00c9STICO - Punto Limpio\" \/>\n<meta property=\"og:description\" content=\"Las imagenes solo tienen fines ilustrativos AG-280 PRO es una versi\u00f3n potenciada de la AG-280.\u00a0 Gracias a su incremento de potencia y peso, esta m\u00e1quina es capaz de realizar trabajos de pulido integrales incluyendo la fase de rebaje con abrasivos diamantados met\u00e1licos. As\u00ed mismo, ofrece sus habituales excelentes prestaciones en trabajos de cristalizaci\u00f3n, abrillantado, y...\" \/>\n<meta property=\"og:url\" content=\"https:\/\/tiendadeproductosdelimpieza.com\/index.php\/producto\/ag-280-pro-abrillantadora-para-escaleras-pequenas-areas-y-uso-domestico\/\" \/>\n<meta property=\"og:site_name\" content=\"Punto Limpio\" \/>\n<meta property=\"article:publisher\" content=\"https:\/\/www.facebook.com\/puntolimpiotienda\/?locale=es_ES\" \/>\n<meta property=\"article:modified_time\" content=\"2024-10-09T12:18:05+00:00\" \/>\n<meta property=\"og:image\" content=\"https:\/\/tiendadeproductosdelimpieza.com\/wp-content\/uploads\/2024\/04\/AG-280-PRO-1.png\" \/>\n\t<meta property=\"og:image:width\" content=\"312\" \/>\n\t<meta property=\"og:image:height\" content=\"375\" \/>\n\t<meta property=\"og:image:type\" content=\"image\/png\" \/>\n<meta name=\"twitter:card\" content=\"summary_large_image\" \/>\n<meta name=\"twitter:label1\" content=\"Tiempo de lectura\" \/>\n\t<meta name=\"twitter:data1\" content=\"1 minuto\" \/>\n<script type=\"application\/ld+json\" class=\"yoast-schema-graph\">{\"@context\":\"https:\\\/\\\/schema.org\",\"@graph\":[{\"@type\":\"WebPage\",\"@id\":\"https:\\\/\\\/tiendadeproductosdelimpieza.com\\\/index.php\\\/producto\\\/ag-280-pro-abrillantadora-para-escaleras-pequenas-areas-y-uso-domestico\\\/\",\"url\":\"https:\\\/\\\/tiendadeproductosdelimpieza.com\\\/index.php\\\/producto\\\/ag-280-pro-abrillantadora-para-escaleras-pequenas-areas-y-uso-domestico\\\/\",\"name\":\"AG-280 PRO \u2013 ABRILLANTADORA PARA ESCALERAS, PEQUE\u00d1AS \u00c1REAS Y USO DOM\u00c9STICO - Punto Limpio\",\"isPartOf\":{\"@id\":\"https:\\\/\\\/tiendadeproductosdelimpieza.com\\\/#website\"},\"primaryImageOfPage\":{\"@id\":\"https:\\\/\\\/tiendadeproductosdelimpieza.com\\\/index.php\\\/producto\\\/ag-280-pro-abrillantadora-para-escaleras-pequenas-areas-y-uso-domestico\\\/#primaryimage\"},\"image\":{\"@id\":\"https:\\\/\\\/tiendadeproductosdelimpieza.com\\\/index.php\\\/producto\\\/ag-280-pro-abrillantadora-para-escaleras-pequenas-areas-y-uso-domestico\\\/#primaryimage\"},\"thumbnailUrl\":\"https:\\\/\\\/tiendadeproductosdelimpieza.com\\\/wp-content\\\/uploads\\\/2024\\\/04\\\/AG-280-PRO-1.png\",\"datePublished\":\"2024-04-29T18:42:45+00:00\",\"dateModified\":\"2024-10-09T12:18:05+00:00\",\"breadcrumb\":{\"@id\":\"https:\\\/\\\/tiendadeproductosdelimpieza.com\\\/index.php\\\/producto\\\/ag-280-pro-abrillantadora-para-escaleras-pequenas-areas-y-uso-domestico\\\/#breadcrumb\"},\"inLanguage\":\"es\",\"potentialAction\":[{\"@type\":\"ReadAction\",\"target\":[\"https:\\\/\\\/tiendadeproductosdelimpieza.com\\\/index.php\\\/producto\\\/ag-280-pro-abrillantadora-para-escaleras-pequenas-areas-y-uso-domestico\\\/\"]}]},{\"@type\":\"ImageObject\",\"inLanguage\":\"es\",\"@id\":\"https:\\\/\\\/tiendadeproductosdelimpieza.com\\\/index.php\\\/producto\\\/ag-280-pro-abrillantadora-para-escaleras-pequenas-areas-y-uso-domestico\\\/#primaryimage\",\"url\":\"https:\\\/\\\/tiendadeproductosdelimpieza.com\\\/wp-content\\\/uploads\\\/2024\\\/04\\\/AG-280-PRO-1.png\",\"contentUrl\":\"https:\\\/\\\/tiendadeproductosdelimpieza.com\\\/wp-content\\\/uploads\\\/2024\\\/04\\\/AG-280-PRO-1.png\",\"width\":312,\"height\":375},{\"@type\":\"BreadcrumbList\",\"@id\":\"https:\\\/\\\/tiendadeproductosdelimpieza.com\\\/index.php\\\/producto\\\/ag-280-pro-abrillantadora-para-escaleras-pequenas-areas-y-uso-domestico\\\/#breadcrumb\",\"itemListElement\":[{\"@type\":\"ListItem\",\"position\":1,\"name\":\"Portada\",\"item\":\"https:\\\/\\\/tiendadeproductosdelimpieza.com\\\/\"},{\"@type\":\"ListItem\",\"position\":2,\"name\":\"Tienda\",\"item\":\"https:\\\/\\\/tiendadeproductosdelimpieza.com\\\/index.php\\\/tienda\\\/\"},{\"@type\":\"ListItem\",\"position\":3,\"name\":\"AG-280 PRO \u2013 ABRILLANTADORA PARA ESCALERAS, PEQUE\u00d1AS \u00c1REAS Y USO DOM\u00c9STICO\"}]},{\"@type\":\"WebSite\",\"@id\":\"https:\\\/\\\/tiendadeproductosdelimpieza.com\\\/#website\",\"url\":\"https:\\\/\\\/tiendadeproductosdelimpieza.com\\\/\",\"name\":\"Tienda de productos de limpieza\",\"description\":\"Punto Limpio SL\",\"publisher\":{\"@id\":\"https:\\\/\\\/tiendadeproductosdelimpieza.com\\\/#organization\"},\"alternateName\":\"Punto Limpio SL\",\"potentialAction\":[{\"@type\":\"SearchAction\",\"target\":{\"@type\":\"EntryPoint\",\"urlTemplate\":\"https:\\\/\\\/tiendadeproductosdelimpieza.com\\\/?s={search_term_string}\"},\"query-input\":{\"@type\":\"PropertyValueSpecification\",\"valueRequired\":true,\"valueName\":\"search_term_string\"}}],\"inLanguage\":\"es\"},{\"@type\":\"Organization\",\"@id\":\"https:\\\/\\\/tiendadeproductosdelimpieza.com\\\/#organization\",\"name\":\"Tienda de productos de limpieza\",\"alternateName\":\"Punto Limpio SL\",\"url\":\"https:\\\/\\\/tiendadeproductosdelimpieza.com\\\/\",\"logo\":{\"@type\":\"ImageObject\",\"inLanguage\":\"es\",\"@id\":\"https:\\\/\\\/tiendadeproductosdelimpieza.com\\\/#\\\/schema\\\/logo\\\/image\\\/\",\"url\":\"https:\\\/\\\/tiendadeproductosdelimpieza.com\\\/wp-content\\\/uploads\\\/2024\\\/05\\\/cropped-Letras-PL-1.png\",\"contentUrl\":\"https:\\\/\\\/tiendadeproductosdelimpieza.com\\\/wp-content\\\/uploads\\\/2024\\\/05\\\/cropped-Letras-PL-1.png\",\"width\":512,\"height\":512,\"caption\":\"Tienda de productos de limpieza\"},\"image\":{\"@id\":\"https:\\\/\\\/tiendadeproductosdelimpieza.com\\\/#\\\/schema\\\/logo\\\/image\\\/\"},\"sameAs\":[\"https:\\\/\\\/www.facebook.com\\\/puntolimpiotienda\\\/?locale=es_ES\",\"https:\\\/\\\/www.instagram.com\\\/punto.limpio\\\/\"]}]}<\/script>\n<!-- \/ Yoast SEO plugin. -->","yoast_head_json":{"title":"AG-280 PRO \u2013 ABRILLANTADORA PARA ESCALERAS, PEQUE\u00d1AS \u00c1REAS Y USO DOM\u00c9STICO - Punto Limpio","robots":{"index":"index","follow":"follow","max-snippet":"max-snippet:-1","max-image-preview":"max-image-preview:large","max-video-preview":"max-video-preview:-1"},"canonical":"https:\/\/tiendadeproductosdelimpieza.com\/index.php\/producto\/ag-280-pro-abrillantadora-para-escaleras-pequenas-areas-y-uso-domestico\/","og_locale":"es_ES","og_type":"article","og_title":"AG-280 PRO \u2013 ABRILLANTADORA PARA ESCALERAS, PEQUE\u00d1AS \u00c1REAS Y USO DOM\u00c9STICO - Punto Limpio","og_description":"Las imagenes solo tienen fines ilustrativos AG-280 PRO es una versi\u00f3n potenciada de la AG-280.\u00a0 Gracias a su incremento de potencia y peso, esta m\u00e1quina es capaz de realizar trabajos de pulido integrales incluyendo la fase de rebaje con abrasivos diamantados met\u00e1licos. As\u00ed mismo, ofrece sus habituales excelentes prestaciones en trabajos de cristalizaci\u00f3n, abrillantado, y...","og_url":"https:\/\/tiendadeproductosdelimpieza.com\/index.php\/producto\/ag-280-pro-abrillantadora-para-escaleras-pequenas-areas-y-uso-domestico\/","og_site_name":"Punto Limpio","article_publisher":"https:\/\/www.facebook.com\/puntolimpiotienda\/?locale=es_ES","article_modified_time":"2024-10-09T12:18:05+00:00","og_image":[{"width":312,"height":375,"url":"https:\/\/tiendadeproductosdelimpieza.com\/wp-content\/uploads\/2024\/04\/AG-280-PRO-1.png","type":"image\/png"}],"twitter_card":"summary_large_image","twitter_misc":{"Tiempo de lectura":"1 minuto"},"schema":{"@context":"https:\/\/schema.org","@graph":[{"@type":"WebPage","@id":"https:\/\/tiendadeproductosdelimpieza.com\/index.php\/producto\/ag-280-pro-abrillantadora-para-escaleras-pequenas-areas-y-uso-domestico\/","url":"https:\/\/tiendadeproductosdelimpieza.com\/index.php\/producto\/ag-280-pro-abrillantadora-para-escaleras-pequenas-areas-y-uso-domestico\/","name":"AG-280 PRO \u2013 ABRILLANTADORA PARA ESCALERAS, PEQUE\u00d1AS \u00c1REAS Y USO DOM\u00c9STICO - Punto Limpio","isPartOf":{"@id":"https:\/\/tiendadeproductosdelimpieza.com\/#website"},"primaryImageOfPage":{"@id":"https:\/\/tiendadeproductosdelimpieza.com\/index.php\/producto\/ag-280-pro-abrillantadora-para-escaleras-pequenas-areas-y-uso-domestico\/#primaryimage"},"image":{"@id":"https:\/\/tiendadeproductosdelimpieza.com\/index.php\/producto\/ag-280-pro-abrillantadora-para-escaleras-pequenas-areas-y-uso-domestico\/#primaryimage"},"thumbnailUrl":"https:\/\/tiendadeproductosdelimpieza.com\/wp-content\/uploads\/2024\/04\/AG-280-PRO-1.png","datePublished":"2024-04-29T18:42:45+00:00","dateModified":"2024-10-09T12:18:05+00:00","breadcrumb":{"@id":"https:\/\/tiendadeproductosdelimpieza.com\/index.php\/producto\/ag-280-pro-abrillantadora-para-escaleras-pequenas-areas-y-uso-domestico\/#breadcrumb"},"inLanguage":"es","potentialAction":[{"@type":"ReadAction","target":["https:\/\/tiendadeproductosdelimpieza.com\/index.php\/producto\/ag-280-pro-abrillantadora-para-escaleras-pequenas-areas-y-uso-domestico\/"]}]},{"@type":"ImageObject","inLanguage":"es","@id":"https:\/\/tiendadeproductosdelimpieza.com\/index.php\/producto\/ag-280-pro-abrillantadora-para-escaleras-pequenas-areas-y-uso-domestico\/#primaryimage","url":"https:\/\/tiendadeproductosdelimpieza.com\/wp-content\/uploads\/2024\/04\/AG-280-PRO-1.png","contentUrl":"https:\/\/tiendadeproductosdelimpieza.com\/wp-content\/uploads\/2024\/04\/AG-280-PRO-1.png","width":312,"height":375},{"@type":"BreadcrumbList","@id":"https:\/\/tiendadeproductosdelimpieza.com\/index.php\/producto\/ag-280-pro-abrillantadora-para-escaleras-pequenas-areas-y-uso-domestico\/#breadcrumb","itemListElement":[{"@type":"ListItem","position":1,"name":"Portada","item":"https:\/\/tiendadeproductosdelimpieza.com\/"},{"@type":"ListItem","position":2,"name":"Tienda","item":"https:\/\/tiendadeproductosdelimpieza.com\/index.php\/tienda\/"},{"@type":"ListItem","position":3,"name":"AG-280 PRO \u2013 ABRILLANTADORA PARA ESCALERAS, PEQUE\u00d1AS \u00c1REAS Y USO DOM\u00c9STICO"}]},{"@type":"WebSite","@id":"https:\/\/tiendadeproductosdelimpieza.com\/#website","url":"https:\/\/tiendadeproductosdelimpieza.com\/","name":"Tienda de productos de limpieza","description":"Punto Limpio SL","publisher":{"@id":"https:\/\/tiendadeproductosdelimpieza.com\/#organization"},"alternateName":"Punto Limpio SL","potentialAction":[{"@type":"SearchAction","target":{"@type":"EntryPoint","urlTemplate":"https:\/\/tiendadeproductosdelimpieza.com\/?s={search_term_string}"},"query-input":{"@type":"PropertyValueSpecification","valueRequired":true,"valueName":"search_term_string"}}],"inLanguage":"es"},{"@type":"Organization","@id":"https:\/\/tiendadeproductosdelimpieza.com\/#organization","name":"Tienda de productos de limpieza","alternateName":"Punto Limpio SL","url":"https:\/\/tiendadeproductosdelimpieza.com\/","logo":{"@type":"ImageObject","inLanguage":"es","@id":"https:\/\/tiendadeproductosdelimpieza.com\/#\/schema\/logo\/image\/","url":"https:\/\/tiendadeproductosdelimpieza.com\/wp-content\/uploads\/2024\/05\/cropped-Letras-PL-1.png","contentUrl":"https:\/\/tiendadeproductosdelimpieza.com\/wp-content\/uploads\/2024\/05\/cropped-Letras-PL-1.png","width":512,"height":512,"caption":"Tienda de productos de limpieza"},"image":{"@id":"https:\/\/tiendadeproductosdelimpieza.com\/#\/schema\/logo\/image\/"},"sameAs":["https:\/\/www.facebook.com\/puntolimpiotienda\/?locale=es_ES","https:\/\/www.instagram.com\/punto.limpio\/"]}]}},"_links":{"self":[{"href":"https:\/\/tiendadeproductosdelimpieza.com\/index.php\/wp-json\/wp\/v2\/product\/14079","targetHints":{"allow":["GET"]}}],"collection":[{"href":"https:\/\/tiendadeproductosdelimpieza.com\/index.php\/wp-json\/wp\/v2\/product"}],"about":[{"href":"https:\/\/tiendadeproductosdelimpieza.com\/index.php\/wp-json\/wp\/v2\/types\/product"}],"replies":[{"embeddable":true,"href":"https:\/\/tiendadeproductosdelimpieza.com\/index.php\/wp-json\/wp\/v2\/comments?post=14079"}],"wp:featuredmedia":[{"embeddable":true,"href":"https:\/\/tiendadeproductosdelimpieza.com\/index.php\/wp-json\/wp\/v2\/media\/14082"}],"wp:attachment":[{"href":"https:\/\/tiendadeproductosdelimpieza.com\/index.php\/wp-json\/wp\/v2\/media?parent=14079"}],"wp:term":[{"taxonomy":"product_brand","embeddable":true,"href":"https:\/\/tiendadeproductosdelimpieza.com\/index.php\/wp-json\/wp\/v2\/product_brand?post=14079"},{"taxonomy":"product_cat","embeddable":true,"href":"https:\/\/tiendadeproductosdelimpieza.com\/index.php\/wp-json\/wp\/v2\/product_cat?post=14079"},{"taxonomy":"product_tag","embeddable":true,"href":"https:\/\/tiendadeproductosdelimpieza.com\/index.php\/wp-json\/wp\/v2\/product_tag?post=14079"}],"curies":[{"name":"wp","href":"https:\/\/api.w.org\/{rel}","templated":true}]}}