{"id":13332,"date":"2024-03-18T10:03:44","date_gmt":"2024-03-18T09:03:44","guid":{"rendered":"https:\/\/tiendadeproductosdelimpieza.com\/?post_type=product&#038;p=13332"},"modified":"2024-10-09T14:22:24","modified_gmt":"2024-10-09T12:22:24","slug":"limpiacristales-visaversa","status":"publish","type":"product","link":"https:\/\/tiendadeproductosdelimpieza.com\/index.php\/producto\/limpiacristales-visaversa\/","title":{"rendered":"LIMPIACRISTALES VISAVERSA"},"content":{"rendered":"<p>Limpiacristales y mojador en uno. Completo con gu\u00eda S, funda original y goma.<\/p>\n<ul>\n<li>Practicidad: Trabajo r\u00e1pido \u2013 No se requiere estar cambiando.<\/li>\n<li>Seguridad: Queda bien retenido \u2013 nada de giros, nada de ca\u00eddas.<\/li>\n<li>Rapidez: Perfectamente id\u00f3neo para usar con el tubo telesc\u00f3pico.<\/li>\n<li>Compatible con las gu\u00edas S y S-Plus.<\/li>\n<\/ul>\n","protected":false},"excerpt":{"rendered":"<p>Limpiacristales y mojador en uno. Completo con gu\u00eda S, funda original y goma. Practicidad: Trabajo r\u00e1pido \u2013 No se requiere estar cambiando. Seguridad: Queda bien retenido \u2013 nada de giros, nada de ca\u00eddas. Rapidez: Perfectamente id\u00f3neo para usar con el tubo telesc\u00f3pico. Compatible con las gu\u00edas S y S-Plus.<\/p>\n","protected":false},"featured_media":13335,"comment_status":"open","ping_status":"closed","template":"","meta":{"_tbt_post_transparent":"default","_tbt_post_title":"","_tbt_post_layout":"default","_tbt_post_sidebar_id":"","_tbt_post_content_style":"default","_tbt_post_vertical_padding":"default","_tbt_post_feature":"","_tbt_post_feature_position":"","_tbt_post_header":false,"_tbt_post_footer":false},"product_brand":[],"product_cat":[120,140],"product_tag":[122],"class_list":{"0":"post-13332","1":"product","2":"type-product","3":"status-publish","4":"has-post-thumbnail","6":"product_cat-limpia-cristales","7":"product_cat-raquetas","8":"product_tag-limpiacristales","10":"first","11":"instock","12":"taxable","13":"shipping-taxable","14":"purchasable","15":"product-type-variable","16":"entry","17":"content-bg","18":"loop-entry"},"yoast_head":"<!-- This site is optimized with the Yoast SEO plugin v27.5 - https:\/\/yoast.com\/product\/yoast-seo-wordpress\/ -->\n<title>LIMPIACRISTALES VISAVERSA - Punto Limpio<\/title>\n<meta name=\"robots\" content=\"index, follow, max-snippet:-1, max-image-preview:large, max-video-preview:-1\" \/>\n<link rel=\"canonical\" href=\"https:\/\/tiendadeproductosdelimpieza.com\/index.php\/producto\/limpiacristales-visaversa\/\" \/>\n<meta property=\"og:locale\" content=\"es_ES\" \/>\n<meta property=\"og:type\" content=\"article\" \/>\n<meta property=\"og:title\" content=\"LIMPIACRISTALES VISAVERSA - Punto Limpio\" \/>\n<meta property=\"og:description\" content=\"Limpiacristales y mojador en uno. Completo con gu\u00eda S, funda original y goma. Practicidad: Trabajo r\u00e1pido \u2013 No se requiere estar cambiando. Seguridad: Queda bien retenido \u2013 nada de giros, nada de ca\u00eddas. Rapidez: Perfectamente id\u00f3neo para usar con el tubo telesc\u00f3pico. Compatible con las gu\u00edas S y S-Plus.\" \/>\n<meta property=\"og:url\" content=\"https:\/\/tiendadeproductosdelimpieza.com\/index.php\/producto\/limpiacristales-visaversa\/\" \/>\n<meta property=\"og:site_name\" content=\"Punto Limpio\" \/>\n<meta property=\"article:publisher\" content=\"https:\/\/www.facebook.com\/puntolimpiotienda\/?locale=es_ES\" \/>\n<meta property=\"article:modified_time\" content=\"2024-10-09T12:22:24+00:00\" \/>\n<meta property=\"og:image\" content=\"https:\/\/tiendadeproductosdelimpieza.com\/wp-content\/uploads\/2024\/03\/unger-visaversa-vp250_1024x1024.webp\" \/>\n\t<meta property=\"og:image:width\" content=\"700\" \/>\n\t<meta property=\"og:image:height\" content=\"700\" \/>\n\t<meta property=\"og:image:type\" content=\"image\/webp\" \/>\n<meta name=\"twitter:card\" content=\"summary_large_image\" \/>\n<script type=\"application\/ld+json\" class=\"yoast-schema-graph\">{\"@context\":\"https:\\\/\\\/schema.org\",\"@graph\":[{\"@type\":\"WebPage\",\"@id\":\"https:\\\/\\\/tiendadeproductosdelimpieza.com\\\/index.php\\\/producto\\\/limpiacristales-visaversa\\\/\",\"url\":\"https:\\\/\\\/tiendadeproductosdelimpieza.com\\\/index.php\\\/producto\\\/limpiacristales-visaversa\\\/\",\"name\":\"LIMPIACRISTALES VISAVERSA - Punto Limpio\",\"isPartOf\":{\"@id\":\"https:\\\/\\\/tiendadeproductosdelimpieza.com\\\/#website\"},\"primaryImageOfPage\":{\"@id\":\"https:\\\/\\\/tiendadeproductosdelimpieza.com\\\/index.php\\\/producto\\\/limpiacristales-visaversa\\\/#primaryimage\"},\"image\":{\"@id\":\"https:\\\/\\\/tiendadeproductosdelimpieza.com\\\/index.php\\\/producto\\\/limpiacristales-visaversa\\\/#primaryimage\"},\"thumbnailUrl\":\"https:\\\/\\\/tiendadeproductosdelimpieza.com\\\/wp-content\\\/uploads\\\/2024\\\/03\\\/unger-visaversa-vp250_1024x1024.webp\",\"datePublished\":\"2024-03-18T09:03:44+00:00\",\"dateModified\":\"2024-10-09T12:22:24+00:00\",\"breadcrumb\":{\"@id\":\"https:\\\/\\\/tiendadeproductosdelimpieza.com\\\/index.php\\\/producto\\\/limpiacristales-visaversa\\\/#breadcrumb\"},\"inLanguage\":\"es\",\"potentialAction\":[{\"@type\":\"ReadAction\",\"target\":[\"https:\\\/\\\/tiendadeproductosdelimpieza.com\\\/index.php\\\/producto\\\/limpiacristales-visaversa\\\/\"]}]},{\"@type\":\"ImageObject\",\"inLanguage\":\"es\",\"@id\":\"https:\\\/\\\/tiendadeproductosdelimpieza.com\\\/index.php\\\/producto\\\/limpiacristales-visaversa\\\/#primaryimage\",\"url\":\"https:\\\/\\\/tiendadeproductosdelimpieza.com\\\/wp-content\\\/uploads\\\/2024\\\/03\\\/unger-visaversa-vp250_1024x1024.webp\",\"contentUrl\":\"https:\\\/\\\/tiendadeproductosdelimpieza.com\\\/wp-content\\\/uploads\\\/2024\\\/03\\\/unger-visaversa-vp250_1024x1024.webp\",\"width\":700,\"height\":700},{\"@type\":\"BreadcrumbList\",\"@id\":\"https:\\\/\\\/tiendadeproductosdelimpieza.com\\\/index.php\\\/producto\\\/limpiacristales-visaversa\\\/#breadcrumb\",\"itemListElement\":[{\"@type\":\"ListItem\",\"position\":1,\"name\":\"Portada\",\"item\":\"https:\\\/\\\/tiendadeproductosdelimpieza.com\\\/\"},{\"@type\":\"ListItem\",\"position\":2,\"name\":\"Tienda\",\"item\":\"https:\\\/\\\/tiendadeproductosdelimpieza.com\\\/index.php\\\/tienda\\\/\"},{\"@type\":\"ListItem\",\"position\":3,\"name\":\"LIMPIACRISTALES VISAVERSA\"}]},{\"@type\":\"WebSite\",\"@id\":\"https:\\\/\\\/tiendadeproductosdelimpieza.com\\\/#website\",\"url\":\"https:\\\/\\\/tiendadeproductosdelimpieza.com\\\/\",\"name\":\"Tienda de productos de limpieza\",\"description\":\"Punto Limpio SL\",\"publisher\":{\"@id\":\"https:\\\/\\\/tiendadeproductosdelimpieza.com\\\/#organization\"},\"alternateName\":\"Punto Limpio SL\",\"potentialAction\":[{\"@type\":\"SearchAction\",\"target\":{\"@type\":\"EntryPoint\",\"urlTemplate\":\"https:\\\/\\\/tiendadeproductosdelimpieza.com\\\/?s={search_term_string}\"},\"query-input\":{\"@type\":\"PropertyValueSpecification\",\"valueRequired\":true,\"valueName\":\"search_term_string\"}}],\"inLanguage\":\"es\"},{\"@type\":\"Organization\",\"@id\":\"https:\\\/\\\/tiendadeproductosdelimpieza.com\\\/#organization\",\"name\":\"Tienda de productos de limpieza\",\"alternateName\":\"Punto Limpio SL\",\"url\":\"https:\\\/\\\/tiendadeproductosdelimpieza.com\\\/\",\"logo\":{\"@type\":\"ImageObject\",\"inLanguage\":\"es\",\"@id\":\"https:\\\/\\\/tiendadeproductosdelimpieza.com\\\/#\\\/schema\\\/logo\\\/image\\\/\",\"url\":\"https:\\\/\\\/tiendadeproductosdelimpieza.com\\\/wp-content\\\/uploads\\\/2024\\\/05\\\/cropped-Letras-PL-1.png\",\"contentUrl\":\"https:\\\/\\\/tiendadeproductosdelimpieza.com\\\/wp-content\\\/uploads\\\/2024\\\/05\\\/cropped-Letras-PL-1.png\",\"width\":512,\"height\":512,\"caption\":\"Tienda de productos de limpieza\"},\"image\":{\"@id\":\"https:\\\/\\\/tiendadeproductosdelimpieza.com\\\/#\\\/schema\\\/logo\\\/image\\\/\"},\"sameAs\":[\"https:\\\/\\\/www.facebook.com\\\/puntolimpiotienda\\\/?locale=es_ES\",\"https:\\\/\\\/www.instagram.com\\\/punto.limpio\\\/\"]}]}<\/script>\n<!-- \/ Yoast SEO plugin. -->","yoast_head_json":{"title":"LIMPIACRISTALES VISAVERSA - Punto Limpio","robots":{"index":"index","follow":"follow","max-snippet":"max-snippet:-1","max-image-preview":"max-image-preview:large","max-video-preview":"max-video-preview:-1"},"canonical":"https:\/\/tiendadeproductosdelimpieza.com\/index.php\/producto\/limpiacristales-visaversa\/","og_locale":"es_ES","og_type":"article","og_title":"LIMPIACRISTALES VISAVERSA - Punto Limpio","og_description":"Limpiacristales y mojador en uno. Completo con gu\u00eda S, funda original y goma. Practicidad: Trabajo r\u00e1pido \u2013 No se requiere estar cambiando. Seguridad: Queda bien retenido \u2013 nada de giros, nada de ca\u00eddas. Rapidez: Perfectamente id\u00f3neo para usar con el tubo telesc\u00f3pico. Compatible con las gu\u00edas S y S-Plus.","og_url":"https:\/\/tiendadeproductosdelimpieza.com\/index.php\/producto\/limpiacristales-visaversa\/","og_site_name":"Punto Limpio","article_publisher":"https:\/\/www.facebook.com\/puntolimpiotienda\/?locale=es_ES","article_modified_time":"2024-10-09T12:22:24+00:00","og_image":[{"width":700,"height":700,"url":"https:\/\/tiendadeproductosdelimpieza.com\/wp-content\/uploads\/2024\/03\/unger-visaversa-vp250_1024x1024.webp","type":"image\/webp"}],"twitter_card":"summary_large_image","schema":{"@context":"https:\/\/schema.org","@graph":[{"@type":"WebPage","@id":"https:\/\/tiendadeproductosdelimpieza.com\/index.php\/producto\/limpiacristales-visaversa\/","url":"https:\/\/tiendadeproductosdelimpieza.com\/index.php\/producto\/limpiacristales-visaversa\/","name":"LIMPIACRISTALES VISAVERSA - Punto Limpio","isPartOf":{"@id":"https:\/\/tiendadeproductosdelimpieza.com\/#website"},"primaryImageOfPage":{"@id":"https:\/\/tiendadeproductosdelimpieza.com\/index.php\/producto\/limpiacristales-visaversa\/#primaryimage"},"image":{"@id":"https:\/\/tiendadeproductosdelimpieza.com\/index.php\/producto\/limpiacristales-visaversa\/#primaryimage"},"thumbnailUrl":"https:\/\/tiendadeproductosdelimpieza.com\/wp-content\/uploads\/2024\/03\/unger-visaversa-vp250_1024x1024.webp","datePublished":"2024-03-18T09:03:44+00:00","dateModified":"2024-10-09T12:22:24+00:00","breadcrumb":{"@id":"https:\/\/tiendadeproductosdelimpieza.com\/index.php\/producto\/limpiacristales-visaversa\/#breadcrumb"},"inLanguage":"es","potentialAction":[{"@type":"ReadAction","target":["https:\/\/tiendadeproductosdelimpieza.com\/index.php\/producto\/limpiacristales-visaversa\/"]}]},{"@type":"ImageObject","inLanguage":"es","@id":"https:\/\/tiendadeproductosdelimpieza.com\/index.php\/producto\/limpiacristales-visaversa\/#primaryimage","url":"https:\/\/tiendadeproductosdelimpieza.com\/wp-content\/uploads\/2024\/03\/unger-visaversa-vp250_1024x1024.webp","contentUrl":"https:\/\/tiendadeproductosdelimpieza.com\/wp-content\/uploads\/2024\/03\/unger-visaversa-vp250_1024x1024.webp","width":700,"height":700},{"@type":"BreadcrumbList","@id":"https:\/\/tiendadeproductosdelimpieza.com\/index.php\/producto\/limpiacristales-visaversa\/#breadcrumb","itemListElement":[{"@type":"ListItem","position":1,"name":"Portada","item":"https:\/\/tiendadeproductosdelimpieza.com\/"},{"@type":"ListItem","position":2,"name":"Tienda","item":"https:\/\/tiendadeproductosdelimpieza.com\/index.php\/tienda\/"},{"@type":"ListItem","position":3,"name":"LIMPIACRISTALES VISAVERSA"}]},{"@type":"WebSite","@id":"https:\/\/tiendadeproductosdelimpieza.com\/#website","url":"https:\/\/tiendadeproductosdelimpieza.com\/","name":"Tienda de productos de limpieza","description":"Punto Limpio SL","publisher":{"@id":"https:\/\/tiendadeproductosdelimpieza.com\/#organization"},"alternateName":"Punto Limpio SL","potentialAction":[{"@type":"SearchAction","target":{"@type":"EntryPoint","urlTemplate":"https:\/\/tiendadeproductosdelimpieza.com\/?s={search_term_string}"},"query-input":{"@type":"PropertyValueSpecification","valueRequired":true,"valueName":"search_term_string"}}],"inLanguage":"es"},{"@type":"Organization","@id":"https:\/\/tiendadeproductosdelimpieza.com\/#organization","name":"Tienda de productos de limpieza","alternateName":"Punto Limpio SL","url":"https:\/\/tiendadeproductosdelimpieza.com\/","logo":{"@type":"ImageObject","inLanguage":"es","@id":"https:\/\/tiendadeproductosdelimpieza.com\/#\/schema\/logo\/image\/","url":"https:\/\/tiendadeproductosdelimpieza.com\/wp-content\/uploads\/2024\/05\/cropped-Letras-PL-1.png","contentUrl":"https:\/\/tiendadeproductosdelimpieza.com\/wp-content\/uploads\/2024\/05\/cropped-Letras-PL-1.png","width":512,"height":512,"caption":"Tienda de productos de limpieza"},"image":{"@id":"https:\/\/tiendadeproductosdelimpieza.com\/#\/schema\/logo\/image\/"},"sameAs":["https:\/\/www.facebook.com\/puntolimpiotienda\/?locale=es_ES","https:\/\/www.instagram.com\/punto.limpio\/"]}]}},"_links":{"self":[{"href":"https:\/\/tiendadeproductosdelimpieza.com\/index.php\/wp-json\/wp\/v2\/product\/13332","targetHints":{"allow":["GET"]}}],"collection":[{"href":"https:\/\/tiendadeproductosdelimpieza.com\/index.php\/wp-json\/wp\/v2\/product"}],"about":[{"href":"https:\/\/tiendadeproductosdelimpieza.com\/index.php\/wp-json\/wp\/v2\/types\/product"}],"replies":[{"embeddable":true,"href":"https:\/\/tiendadeproductosdelimpieza.com\/index.php\/wp-json\/wp\/v2\/comments?post=13332"}],"wp:featuredmedia":[{"embeddable":true,"href":"https:\/\/tiendadeproductosdelimpieza.com\/index.php\/wp-json\/wp\/v2\/media\/13335"}],"wp:attachment":[{"href":"https:\/\/tiendadeproductosdelimpieza.com\/index.php\/wp-json\/wp\/v2\/media?parent=13332"}],"wp:term":[{"taxonomy":"product_brand","embeddable":true,"href":"https:\/\/tiendadeproductosdelimpieza.com\/index.php\/wp-json\/wp\/v2\/product_brand?post=13332"},{"taxonomy":"product_cat","embeddable":true,"href":"https:\/\/tiendadeproductosdelimpieza.com\/index.php\/wp-json\/wp\/v2\/product_cat?post=13332"},{"taxonomy":"product_tag","embeddable":true,"href":"https:\/\/tiendadeproductosdelimpieza.com\/index.php\/wp-json\/wp\/v2\/product_tag?post=13332"}],"curies":[{"name":"wp","href":"https:\/\/api.w.org\/{rel}","templated":true}]}}