{"id":13037,"date":"2024-03-13T12:00:07","date_gmt":"2024-03-13T11:00:07","guid":{"rendered":"https:\/\/tiendadeproductosdelimpieza.com\/?post_type=product&#038;p=13037"},"modified":"2026-01-21T16:59:58","modified_gmt":"2026-01-21T15:59:58","slug":"ambientador-aloe-vera-5l","status":"publish","type":"product","link":"https:\/\/tiendadeproductosdelimpieza.com\/index.php\/producto\/ambientador-aloe-vera-5l\/","title":{"rendered":"AMBIENTADOR ALOE VERA 5L"},"content":{"rendered":"<p>El ambientador de aloe vera es un producto dise\u00f1ado para perfumar y refrescar el ambiente de una manera natural y suave. El aloe vera es conocido por sus propiedades calmantes y purificantes, por lo que este ambientador no solo deja un agradable aroma, sino que tambi\u00e9n ayuda a crear un ambiente relajante y limpio.<\/p>\n<p>La fragancia de aloe vera suele ser fresca y verde, con toques herbales y c\u00edtricos que evocan la sensaci\u00f3n de estar en medio de un jard\u00edn lleno de plantas. Este tipo de ambientador es ideal para usar en cualquier habitaci\u00f3n de la casa, especialmente en \u00e1reas donde se desea crear un ambiente tranquilo y acogedor, como el dormitorio o el ba\u00f1o.<\/p>\n<p>Adem\u00e1s de su agradable aroma, el ambientador de aloe vera suele estar elaborado con ingredientes naturales y respetuosos con el medio ambiente, lo que lo convierte en una opci\u00f3n segura y sostenible para perfumar el hogar. En resumen, este tipo de ambientador es una excelente opci\u00f3n para quienes buscan una fragancia suave y natural que ayude a crear un ambiente relajante y acogedor en su hogar.<\/p>\n","protected":false},"excerpt":{"rendered":"<p>El ambientador de aloe vera es un producto dise\u00f1ado para perfumar y refrescar el ambiente de una manera natural y suave. El aloe vera es conocido por sus propiedades calmantes y purificantes, por lo que este ambientador no solo deja un agradable aroma, sino que tambi\u00e9n ayuda a crear un ambiente relajante y limpio. La&#8230;<\/p>\n","protected":false},"featured_media":13219,"comment_status":"open","ping_status":"closed","template":"","meta":{"_tbt_post_transparent":"default","_tbt_post_title":"","_tbt_post_layout":"default","_tbt_post_sidebar_id":"","_tbt_post_content_style":"default","_tbt_post_vertical_padding":"default","_tbt_post_feature":"","_tbt_post_feature_position":"","_tbt_post_header":false,"_tbt_post_footer":false},"product_brand":[],"product_cat":[91,90],"product_tag":[107,99],"class_list":{"0":"post-13037","1":"product","2":"type-product","3":"status-publish","4":"has-post-thumbnail","6":"product_cat-ambientadores","7":"product_cat-productos-punto-limpio","8":"product_tag-ambientador","9":"product_tag-hogar","11":"first","12":"instock","13":"taxable","14":"shipping-taxable","15":"purchasable","16":"product-type-simple","17":"entry","18":"content-bg","19":"loop-entry"},"yoast_head":"<!-- This site is optimized with the Yoast SEO plugin v27.5 - https:\/\/yoast.com\/product\/yoast-seo-wordpress\/ -->\n<title>AMBIENTADOR ALOE VERA 5L - Punto Limpio<\/title>\n<meta name=\"robots\" content=\"index, follow, max-snippet:-1, max-image-preview:large, max-video-preview:-1\" \/>\n<link rel=\"canonical\" href=\"https:\/\/tiendadeproductosdelimpieza.com\/index.php\/producto\/ambientador-aloe-vera-5l\/\" \/>\n<meta property=\"og:locale\" content=\"es_ES\" \/>\n<meta property=\"og:type\" content=\"article\" \/>\n<meta property=\"og:title\" content=\"AMBIENTADOR ALOE VERA 5L - Punto Limpio\" \/>\n<meta property=\"og:description\" content=\"El ambientador de aloe vera es un producto dise\u00f1ado para perfumar y refrescar el ambiente de una manera natural y suave. El aloe vera es conocido por sus propiedades calmantes y purificantes, por lo que este ambientador no solo deja un agradable aroma, sino que tambi\u00e9n ayuda a crear un ambiente relajante y limpio. La...\" \/>\n<meta property=\"og:url\" content=\"https:\/\/tiendadeproductosdelimpieza.com\/index.php\/producto\/ambientador-aloe-vera-5l\/\" \/>\n<meta property=\"og:site_name\" content=\"Punto Limpio\" \/>\n<meta property=\"article:publisher\" content=\"https:\/\/www.facebook.com\/puntolimpiotienda\/?locale=es_ES\" \/>\n<meta property=\"article:modified_time\" content=\"2026-01-21T15:59:58+00:00\" \/>\n<meta property=\"og:image\" content=\"https:\/\/tiendadeproductosdelimpieza.com\/wp-content\/uploads\/2024\/03\/AMBIENTADOR-ALOE-VERA-1-scaled.jpeg\" \/>\n\t<meta property=\"og:image:width\" content=\"1920\" \/>\n\t<meta property=\"og:image:height\" content=\"2560\" \/>\n\t<meta property=\"og:image:type\" content=\"image\/jpeg\" \/>\n<meta name=\"twitter:card\" content=\"summary_large_image\" \/>\n<meta name=\"twitter:label1\" content=\"Tiempo de lectura\" \/>\n\t<meta name=\"twitter:data1\" content=\"1 minuto\" \/>\n<script type=\"application\/ld+json\" class=\"yoast-schema-graph\">{\"@context\":\"https:\\\/\\\/schema.org\",\"@graph\":[{\"@type\":\"WebPage\",\"@id\":\"https:\\\/\\\/tiendadeproductosdelimpieza.com\\\/index.php\\\/producto\\\/ambientador-aloe-vera-5l\\\/\",\"url\":\"https:\\\/\\\/tiendadeproductosdelimpieza.com\\\/index.php\\\/producto\\\/ambientador-aloe-vera-5l\\\/\",\"name\":\"AMBIENTADOR ALOE VERA 5L - Punto Limpio\",\"isPartOf\":{\"@id\":\"https:\\\/\\\/tiendadeproductosdelimpieza.com\\\/#website\"},\"primaryImageOfPage\":{\"@id\":\"https:\\\/\\\/tiendadeproductosdelimpieza.com\\\/index.php\\\/producto\\\/ambientador-aloe-vera-5l\\\/#primaryimage\"},\"image\":{\"@id\":\"https:\\\/\\\/tiendadeproductosdelimpieza.com\\\/index.php\\\/producto\\\/ambientador-aloe-vera-5l\\\/#primaryimage\"},\"thumbnailUrl\":\"https:\\\/\\\/tiendadeproductosdelimpieza.com\\\/wp-content\\\/uploads\\\/2024\\\/03\\\/AMBIENTADOR-ALOE-VERA-1-scaled.jpeg\",\"datePublished\":\"2024-03-13T11:00:07+00:00\",\"dateModified\":\"2026-01-21T15:59:58+00:00\",\"breadcrumb\":{\"@id\":\"https:\\\/\\\/tiendadeproductosdelimpieza.com\\\/index.php\\\/producto\\\/ambientador-aloe-vera-5l\\\/#breadcrumb\"},\"inLanguage\":\"es\",\"potentialAction\":[{\"@type\":\"ReadAction\",\"target\":[\"https:\\\/\\\/tiendadeproductosdelimpieza.com\\\/index.php\\\/producto\\\/ambientador-aloe-vera-5l\\\/\"]}]},{\"@type\":\"ImageObject\",\"inLanguage\":\"es\",\"@id\":\"https:\\\/\\\/tiendadeproductosdelimpieza.com\\\/index.php\\\/producto\\\/ambientador-aloe-vera-5l\\\/#primaryimage\",\"url\":\"https:\\\/\\\/tiendadeproductosdelimpieza.com\\\/wp-content\\\/uploads\\\/2024\\\/03\\\/AMBIENTADOR-ALOE-VERA-1-scaled.jpeg\",\"contentUrl\":\"https:\\\/\\\/tiendadeproductosdelimpieza.com\\\/wp-content\\\/uploads\\\/2024\\\/03\\\/AMBIENTADOR-ALOE-VERA-1-scaled.jpeg\",\"width\":1920,\"height\":2560},{\"@type\":\"BreadcrumbList\",\"@id\":\"https:\\\/\\\/tiendadeproductosdelimpieza.com\\\/index.php\\\/producto\\\/ambientador-aloe-vera-5l\\\/#breadcrumb\",\"itemListElement\":[{\"@type\":\"ListItem\",\"position\":1,\"name\":\"Portada\",\"item\":\"https:\\\/\\\/tiendadeproductosdelimpieza.com\\\/\"},{\"@type\":\"ListItem\",\"position\":2,\"name\":\"Tienda\",\"item\":\"https:\\\/\\\/tiendadeproductosdelimpieza.com\\\/index.php\\\/tienda\\\/\"},{\"@type\":\"ListItem\",\"position\":3,\"name\":\"AMBIENTADOR ALOE VERA 5L\"}]},{\"@type\":\"WebSite\",\"@id\":\"https:\\\/\\\/tiendadeproductosdelimpieza.com\\\/#website\",\"url\":\"https:\\\/\\\/tiendadeproductosdelimpieza.com\\\/\",\"name\":\"Tienda de productos de limpieza\",\"description\":\"Punto Limpio SL\",\"publisher\":{\"@id\":\"https:\\\/\\\/tiendadeproductosdelimpieza.com\\\/#organization\"},\"alternateName\":\"Punto Limpio SL\",\"potentialAction\":[{\"@type\":\"SearchAction\",\"target\":{\"@type\":\"EntryPoint\",\"urlTemplate\":\"https:\\\/\\\/tiendadeproductosdelimpieza.com\\\/?s={search_term_string}\"},\"query-input\":{\"@type\":\"PropertyValueSpecification\",\"valueRequired\":true,\"valueName\":\"search_term_string\"}}],\"inLanguage\":\"es\"},{\"@type\":\"Organization\",\"@id\":\"https:\\\/\\\/tiendadeproductosdelimpieza.com\\\/#organization\",\"name\":\"Tienda de productos de limpieza\",\"alternateName\":\"Punto Limpio SL\",\"url\":\"https:\\\/\\\/tiendadeproductosdelimpieza.com\\\/\",\"logo\":{\"@type\":\"ImageObject\",\"inLanguage\":\"es\",\"@id\":\"https:\\\/\\\/tiendadeproductosdelimpieza.com\\\/#\\\/schema\\\/logo\\\/image\\\/\",\"url\":\"https:\\\/\\\/tiendadeproductosdelimpieza.com\\\/wp-content\\\/uploads\\\/2024\\\/05\\\/cropped-Letras-PL-1.png\",\"contentUrl\":\"https:\\\/\\\/tiendadeproductosdelimpieza.com\\\/wp-content\\\/uploads\\\/2024\\\/05\\\/cropped-Letras-PL-1.png\",\"width\":512,\"height\":512,\"caption\":\"Tienda de productos de limpieza\"},\"image\":{\"@id\":\"https:\\\/\\\/tiendadeproductosdelimpieza.com\\\/#\\\/schema\\\/logo\\\/image\\\/\"},\"sameAs\":[\"https:\\\/\\\/www.facebook.com\\\/puntolimpiotienda\\\/?locale=es_ES\",\"https:\\\/\\\/www.instagram.com\\\/punto.limpio\\\/\"]}]}<\/script>\n<!-- \/ Yoast SEO plugin. -->","yoast_head_json":{"title":"AMBIENTADOR ALOE VERA 5L - Punto Limpio","robots":{"index":"index","follow":"follow","max-snippet":"max-snippet:-1","max-image-preview":"max-image-preview:large","max-video-preview":"max-video-preview:-1"},"canonical":"https:\/\/tiendadeproductosdelimpieza.com\/index.php\/producto\/ambientador-aloe-vera-5l\/","og_locale":"es_ES","og_type":"article","og_title":"AMBIENTADOR ALOE VERA 5L - Punto Limpio","og_description":"El ambientador de aloe vera es un producto dise\u00f1ado para perfumar y refrescar el ambiente de una manera natural y suave. El aloe vera es conocido por sus propiedades calmantes y purificantes, por lo que este ambientador no solo deja un agradable aroma, sino que tambi\u00e9n ayuda a crear un ambiente relajante y limpio. La...","og_url":"https:\/\/tiendadeproductosdelimpieza.com\/index.php\/producto\/ambientador-aloe-vera-5l\/","og_site_name":"Punto Limpio","article_publisher":"https:\/\/www.facebook.com\/puntolimpiotienda\/?locale=es_ES","article_modified_time":"2026-01-21T15:59:58+00:00","og_image":[{"width":1920,"height":2560,"url":"https:\/\/tiendadeproductosdelimpieza.com\/wp-content\/uploads\/2024\/03\/AMBIENTADOR-ALOE-VERA-1-scaled.jpeg","type":"image\/jpeg"}],"twitter_card":"summary_large_image","twitter_misc":{"Tiempo de lectura":"1 minuto"},"schema":{"@context":"https:\/\/schema.org","@graph":[{"@type":"WebPage","@id":"https:\/\/tiendadeproductosdelimpieza.com\/index.php\/producto\/ambientador-aloe-vera-5l\/","url":"https:\/\/tiendadeproductosdelimpieza.com\/index.php\/producto\/ambientador-aloe-vera-5l\/","name":"AMBIENTADOR ALOE VERA 5L - Punto Limpio","isPartOf":{"@id":"https:\/\/tiendadeproductosdelimpieza.com\/#website"},"primaryImageOfPage":{"@id":"https:\/\/tiendadeproductosdelimpieza.com\/index.php\/producto\/ambientador-aloe-vera-5l\/#primaryimage"},"image":{"@id":"https:\/\/tiendadeproductosdelimpieza.com\/index.php\/producto\/ambientador-aloe-vera-5l\/#primaryimage"},"thumbnailUrl":"https:\/\/tiendadeproductosdelimpieza.com\/wp-content\/uploads\/2024\/03\/AMBIENTADOR-ALOE-VERA-1-scaled.jpeg","datePublished":"2024-03-13T11:00:07+00:00","dateModified":"2026-01-21T15:59:58+00:00","breadcrumb":{"@id":"https:\/\/tiendadeproductosdelimpieza.com\/index.php\/producto\/ambientador-aloe-vera-5l\/#breadcrumb"},"inLanguage":"es","potentialAction":[{"@type":"ReadAction","target":["https:\/\/tiendadeproductosdelimpieza.com\/index.php\/producto\/ambientador-aloe-vera-5l\/"]}]},{"@type":"ImageObject","inLanguage":"es","@id":"https:\/\/tiendadeproductosdelimpieza.com\/index.php\/producto\/ambientador-aloe-vera-5l\/#primaryimage","url":"https:\/\/tiendadeproductosdelimpieza.com\/wp-content\/uploads\/2024\/03\/AMBIENTADOR-ALOE-VERA-1-scaled.jpeg","contentUrl":"https:\/\/tiendadeproductosdelimpieza.com\/wp-content\/uploads\/2024\/03\/AMBIENTADOR-ALOE-VERA-1-scaled.jpeg","width":1920,"height":2560},{"@type":"BreadcrumbList","@id":"https:\/\/tiendadeproductosdelimpieza.com\/index.php\/producto\/ambientador-aloe-vera-5l\/#breadcrumb","itemListElement":[{"@type":"ListItem","position":1,"name":"Portada","item":"https:\/\/tiendadeproductosdelimpieza.com\/"},{"@type":"ListItem","position":2,"name":"Tienda","item":"https:\/\/tiendadeproductosdelimpieza.com\/index.php\/tienda\/"},{"@type":"ListItem","position":3,"name":"AMBIENTADOR ALOE VERA 5L"}]},{"@type":"WebSite","@id":"https:\/\/tiendadeproductosdelimpieza.com\/#website","url":"https:\/\/tiendadeproductosdelimpieza.com\/","name":"Tienda de productos de limpieza","description":"Punto Limpio SL","publisher":{"@id":"https:\/\/tiendadeproductosdelimpieza.com\/#organization"},"alternateName":"Punto Limpio SL","potentialAction":[{"@type":"SearchAction","target":{"@type":"EntryPoint","urlTemplate":"https:\/\/tiendadeproductosdelimpieza.com\/?s={search_term_string}"},"query-input":{"@type":"PropertyValueSpecification","valueRequired":true,"valueName":"search_term_string"}}],"inLanguage":"es"},{"@type":"Organization","@id":"https:\/\/tiendadeproductosdelimpieza.com\/#organization","name":"Tienda de productos de limpieza","alternateName":"Punto Limpio SL","url":"https:\/\/tiendadeproductosdelimpieza.com\/","logo":{"@type":"ImageObject","inLanguage":"es","@id":"https:\/\/tiendadeproductosdelimpieza.com\/#\/schema\/logo\/image\/","url":"https:\/\/tiendadeproductosdelimpieza.com\/wp-content\/uploads\/2024\/05\/cropped-Letras-PL-1.png","contentUrl":"https:\/\/tiendadeproductosdelimpieza.com\/wp-content\/uploads\/2024\/05\/cropped-Letras-PL-1.png","width":512,"height":512,"caption":"Tienda de productos de limpieza"},"image":{"@id":"https:\/\/tiendadeproductosdelimpieza.com\/#\/schema\/logo\/image\/"},"sameAs":["https:\/\/www.facebook.com\/puntolimpiotienda\/?locale=es_ES","https:\/\/www.instagram.com\/punto.limpio\/"]}]}},"_links":{"self":[{"href":"https:\/\/tiendadeproductosdelimpieza.com\/index.php\/wp-json\/wp\/v2\/product\/13037","targetHints":{"allow":["GET"]}}],"collection":[{"href":"https:\/\/tiendadeproductosdelimpieza.com\/index.php\/wp-json\/wp\/v2\/product"}],"about":[{"href":"https:\/\/tiendadeproductosdelimpieza.com\/index.php\/wp-json\/wp\/v2\/types\/product"}],"replies":[{"embeddable":true,"href":"https:\/\/tiendadeproductosdelimpieza.com\/index.php\/wp-json\/wp\/v2\/comments?post=13037"}],"wp:featuredmedia":[{"embeddable":true,"href":"https:\/\/tiendadeproductosdelimpieza.com\/index.php\/wp-json\/wp\/v2\/media\/13219"}],"wp:attachment":[{"href":"https:\/\/tiendadeproductosdelimpieza.com\/index.php\/wp-json\/wp\/v2\/media?parent=13037"}],"wp:term":[{"taxonomy":"product_brand","embeddable":true,"href":"https:\/\/tiendadeproductosdelimpieza.com\/index.php\/wp-json\/wp\/v2\/product_brand?post=13037"},{"taxonomy":"product_cat","embeddable":true,"href":"https:\/\/tiendadeproductosdelimpieza.com\/index.php\/wp-json\/wp\/v2\/product_cat?post=13037"},{"taxonomy":"product_tag","embeddable":true,"href":"https:\/\/tiendadeproductosdelimpieza.com\/index.php\/wp-json\/wp\/v2\/product_tag?post=13037"}],"curies":[{"name":"wp","href":"https:\/\/api.w.org\/{rel}","templated":true}]}}