{"id":14464,"date":"2024-08-29T10:23:52","date_gmt":"2024-08-29T08:23:52","guid":{"rendered":"https:\/\/tiendadeproductosdelimpieza.com\/?page_id=14464"},"modified":"2024-08-29T12:34:58","modified_gmt":"2024-08-29T10:34:58","slug":"sobre-nosotros","status":"publish","type":"page","link":"https:\/\/tiendadeproductosdelimpieza.com\/index.php\/sobre-nosotros\/","title":{"rendered":"Sobre nosotros"},"content":{"rendered":"\n<h2 class=\"wp-block-heading has-text-align-center\">Productos punto Limpio<\/h2>\n\n\n\n<h3 class=\"wp-block-heading has-text-align-center\">Limpieza profesional<\/h3>\n\n\n\n<p><\/p>\n\n\n\n<div class=\"wp-block-media-text is-stacked-on-mobile\" style=\"grid-template-columns:45% auto\"><figure class=\"wp-block-media-text__media\"><img fetchpriority=\"high\" decoding=\"async\" width=\"1024\" height=\"437\" src=\"https:\/\/tiendadeproductosdelimpieza.com\/wp-content\/uploads\/2024\/08\/Tienda-1-1024x437.jpeg\" alt=\"\" class=\"wp-image-14467 size-full\" srcset=\"https:\/\/tiendadeproductosdelimpieza.com\/wp-content\/uploads\/2024\/08\/Tienda-1-1024x437.jpeg 1024w, https:\/\/tiendadeproductosdelimpieza.com\/wp-content\/uploads\/2024\/08\/Tienda-1-300x128.jpeg 300w, https:\/\/tiendadeproductosdelimpieza.com\/wp-content\/uploads\/2024\/08\/Tienda-1-768x328.jpeg 768w, https:\/\/tiendadeproductosdelimpieza.com\/wp-content\/uploads\/2024\/08\/Tienda-1-1536x656.jpeg 1536w, https:\/\/tiendadeproductosdelimpieza.com\/wp-content\/uploads\/2024\/08\/Tienda-1-600x256.jpeg 600w, https:\/\/tiendadeproductosdelimpieza.com\/wp-content\/uploads\/2024\/08\/Tienda-1.jpeg 2048w\" sizes=\"(max-width: 1024px) 100vw, 1024px\" \/><\/figure><div class=\"wp-block-media-text__content\">\n<p><\/p>\n\n\n\n<p>En&nbsp;<strong>Punto Limpio<\/strong>&nbsp;tenemos una amplia gama de productos de&nbsp;<strong>limpieza profesional<\/strong>. Contamos con la colaboraci\u00f3n de algunos de los mejores proveedores del mercado (<a href=\"http:\/\/www.numatic.co.uk\/\">Numatic<\/a>,&nbsp;<a href=\"http:\/\/www.abrasivosaguila.com\/\">Abrasivos \u00c1guila<\/a>, Caselli,&nbsp;<a href=\"http:\/\/www.bayeco.com\/\">Bayeco<\/a>), pero tenemos unos productos muy especiales. La raz\u00f3n que as\u00ed sea es que&nbsp;<strong>somos nosotros los que los creamos<\/strong>.<\/p>\n\n\n\n<p>Vamos a hablaros de algunos de esos productos de&nbsp;<strong>limpieza profesional,<\/strong>&nbsp;intentando explicar sus ventajas, normas de uso, etc\u2026<\/p>\n\n\n\n<p>En&nbsp;<strong>Punto Limpio Tienda<\/strong>&nbsp;contamos con una nueva gama de&nbsp;<strong>qu\u00edmicos industriales<\/strong>&nbsp;\u00a1Desc\u00fabrelos!<\/p>\n<\/div><\/div>\n\n\n\n<p>En <strong>Punto Limpio<\/strong>, nos enorgullecemos de ofrecer una amplia gama de productos de limpieza dise\u00f1ados para hacer que tu hogar y espacio de trabajo brillen. Desde ambientadores que llenan cada rinc\u00f3n con fragancias agradables, hasta fregasuelos que garantizan superficies impecables, nuestros productos est\u00e1n pensados para cumplir con los m\u00e1s altos est\u00e1ndares de limpieza y frescura.<\/p>\n\n\n\n<p><strong>Descubre nuestra selecci\u00f3n:<\/strong><\/p>\n\n\n\n<ul class=\"wp-block-list\">\n<li><strong>Ambientadores:<\/strong> Elige entre nuestras variadas fragancias que dejar\u00e1n tus espacios perfumados durante horas. Perfectos para el hogar, oficinas y cualquier lugar que necesite un toque refrescante.<\/li>\n\n\n\n<li><strong>Fregasuelos:<\/strong> Potentes f\u00f3rmulas que no solo limpian profundamente, sino que tambi\u00e9n cuidan tus superficies, dejando un brillo duradero y un aroma agradable.<\/li>\n\n\n\n<li><strong>Limpia cristales:<\/strong> Consigue ventanas y espejos impecables con nuestros limpia cristales, dise\u00f1ados para eliminar manchas y polvo, dejando un acabado sin rayas.<\/li>\n\n\n\n<li><strong>Suavizantes:<\/strong> Dale a tu ropa un toque extra de suavidad y fragancia duradera con nuestros suavizantes, ideales para todo tipo de tejidos.<\/li>\n\n\n\n<li><strong>Productos qu\u00edmicos :<\/strong> Ya sea para uso dom\u00e9stico o profesional, contamos con productos especializados que abordan las tareas de limpieza m\u00e1s exigentes, garantizando resultados superiores.<\/li>\n<\/ul>\n\n\n\n<p>Ya sea que est\u00e9s buscando soluciones para tu hogar o productos de limpieza a nivel profesional, en Punto Limpio tenemos lo que necesitas para mantener cada rinc\u00f3n limpio y reluciente. \u00a1Vis\u00edtanos y descubre la calidad que har\u00e1 la diferencia en tu limpieza diaria!<\/p>\n\n\n<div class=\"wp-block-image\">\n<figure class=\"alignleft size-large is-resized\"><a href=\"https:\/\/tiendadeproductosdelimpieza.com\/index.php\/productos-punto-limpio\/fregasuelos-pl\/\"><img decoding=\"async\" width=\"768\" height=\"1024\" src=\"https:\/\/tiendadeproductosdelimpieza.com\/wp-content\/uploads\/2024\/08\/LIMPIADOR-MANZANA-768x1024.jpeg\" alt=\"\" class=\"wp-image-14495\" style=\"width:181px;height:auto\" srcset=\"https:\/\/tiendadeproductosdelimpieza.com\/wp-content\/uploads\/2024\/08\/LIMPIADOR-MANZANA-768x1024.jpeg 768w, https:\/\/tiendadeproductosdelimpieza.com\/wp-content\/uploads\/2024\/08\/LIMPIADOR-MANZANA-225x300.jpeg 225w, https:\/\/tiendadeproductosdelimpieza.com\/wp-content\/uploads\/2024\/08\/LIMPIADOR-MANZANA-1152x1536.jpeg 1152w, https:\/\/tiendadeproductosdelimpieza.com\/wp-content\/uploads\/2024\/08\/LIMPIADOR-MANZANA-1536x2048.jpeg 1536w, https:\/\/tiendadeproductosdelimpieza.com\/wp-content\/uploads\/2024\/08\/LIMPIADOR-MANZANA-300x400.jpeg 300w, https:\/\/tiendadeproductosdelimpieza.com\/wp-content\/uploads\/2024\/08\/LIMPIADOR-MANZANA-600x800.jpeg 600w, https:\/\/tiendadeproductosdelimpieza.com\/wp-content\/uploads\/2024\/08\/LIMPIADOR-MANZANA-scaled.jpeg 1920w\" sizes=\"(max-width: 768px) 100vw, 768px\" \/><\/a><figcaption class=\"wp-element-caption\"><strong>Fregasuelos PL<\/strong><\/figcaption><\/figure>\n<\/div>\n\n<div class=\"wp-block-image\">\n<figure class=\"alignleft size-large is-resized\"><a href=\"https:\/\/tiendadeproductosdelimpieza.com\/index.php\/productos-punto-limpio\/ambientadores-pl\/\"><img decoding=\"async\" width=\"768\" height=\"1024\" src=\"https:\/\/tiendadeproductosdelimpieza.com\/wp-content\/uploads\/2024\/08\/AMBIENTADOR-FLORAL-2-768x1024.jpeg\" alt=\"\" class=\"wp-image-14477\" style=\"width:180px;height:auto\" srcset=\"https:\/\/tiendadeproductosdelimpieza.com\/wp-content\/uploads\/2024\/08\/AMBIENTADOR-FLORAL-2-768x1024.jpeg 768w, https:\/\/tiendadeproductosdelimpieza.com\/wp-content\/uploads\/2024\/08\/AMBIENTADOR-FLORAL-2-225x300.jpeg 225w, https:\/\/tiendadeproductosdelimpieza.com\/wp-content\/uploads\/2024\/08\/AMBIENTADOR-FLORAL-2-1152x1536.jpeg 1152w, https:\/\/tiendadeproductosdelimpieza.com\/wp-content\/uploads\/2024\/08\/AMBIENTADOR-FLORAL-2-1536x2048.jpeg 1536w, https:\/\/tiendadeproductosdelimpieza.com\/wp-content\/uploads\/2024\/08\/AMBIENTADOR-FLORAL-2-300x400.jpeg 300w, https:\/\/tiendadeproductosdelimpieza.com\/wp-content\/uploads\/2024\/08\/AMBIENTADOR-FLORAL-2-600x800.jpeg 600w, https:\/\/tiendadeproductosdelimpieza.com\/wp-content\/uploads\/2024\/08\/AMBIENTADOR-FLORAL-2-scaled.jpeg 1920w\" sizes=\"(max-width: 768px) 100vw, 768px\" \/><\/a><figcaption class=\"wp-element-caption\"><strong>Ambientadores PL<\/strong><\/figcaption><\/figure>\n<\/div>\n\n<div class=\"wp-block-image\">\n<figure class=\"alignleft size-large is-resized\"><a href=\"https:\/\/tiendadeproductosdelimpieza.com\/index.php\/productos-punto-limpio\/quimicos\/\"><img loading=\"lazy\" decoding=\"async\" width=\"768\" height=\"1024\" src=\"https:\/\/tiendadeproductosdelimpieza.com\/wp-content\/uploads\/2024\/08\/DEGRASS-PL-768x1024.jpeg\" alt=\"\" class=\"wp-image-14480\" style=\"width:179px;height:auto\" srcset=\"https:\/\/tiendadeproductosdelimpieza.com\/wp-content\/uploads\/2024\/08\/DEGRASS-PL-768x1024.jpeg 768w, https:\/\/tiendadeproductosdelimpieza.com\/wp-content\/uploads\/2024\/08\/DEGRASS-PL-225x300.jpeg 225w, https:\/\/tiendadeproductosdelimpieza.com\/wp-content\/uploads\/2024\/08\/DEGRASS-PL-1152x1536.jpeg 1152w, https:\/\/tiendadeproductosdelimpieza.com\/wp-content\/uploads\/2024\/08\/DEGRASS-PL-1536x2048.jpeg 1536w, https:\/\/tiendadeproductosdelimpieza.com\/wp-content\/uploads\/2024\/08\/DEGRASS-PL-300x400.jpeg 300w, https:\/\/tiendadeproductosdelimpieza.com\/wp-content\/uploads\/2024\/08\/DEGRASS-PL-600x800.jpeg 600w, https:\/\/tiendadeproductosdelimpieza.com\/wp-content\/uploads\/2024\/08\/DEGRASS-PL-scaled.jpeg 1920w\" sizes=\"(max-width: 768px) 100vw, 768px\" \/><\/a><figcaption class=\"wp-element-caption\"><strong>Desengrasantes PL<\/strong><\/figcaption><\/figure>\n<\/div>\n\n<div class=\"wp-block-image\">\n<figure class=\"alignleft size-large is-resized\"><a href=\"https:\/\/tiendadeproductosdelimpieza.com\/index.php\/productos-punto-limpio\/quimicos\/\"><img loading=\"lazy\" decoding=\"async\" width=\"768\" height=\"1024\" src=\"https:\/\/tiendadeproductosdelimpieza.com\/wp-content\/uploads\/2024\/08\/DECAPANTE-ALCALINO-PL-768x1024.jpeg\" alt=\"\" class=\"wp-image-14481\" style=\"width:179px;height:auto\" srcset=\"https:\/\/tiendadeproductosdelimpieza.com\/wp-content\/uploads\/2024\/08\/DECAPANTE-ALCALINO-PL-768x1024.jpeg 768w, https:\/\/tiendadeproductosdelimpieza.com\/wp-content\/uploads\/2024\/08\/DECAPANTE-ALCALINO-PL-225x300.jpeg 225w, https:\/\/tiendadeproductosdelimpieza.com\/wp-content\/uploads\/2024\/08\/DECAPANTE-ALCALINO-PL-1152x1536.jpeg 1152w, https:\/\/tiendadeproductosdelimpieza.com\/wp-content\/uploads\/2024\/08\/DECAPANTE-ALCALINO-PL-1536x2048.jpeg 1536w, https:\/\/tiendadeproductosdelimpieza.com\/wp-content\/uploads\/2024\/08\/DECAPANTE-ALCALINO-PL-300x400.jpeg 300w, https:\/\/tiendadeproductosdelimpieza.com\/wp-content\/uploads\/2024\/08\/DECAPANTE-ALCALINO-PL-600x800.jpeg 600w, https:\/\/tiendadeproductosdelimpieza.com\/wp-content\/uploads\/2024\/08\/DECAPANTE-ALCALINO-PL-scaled.jpeg 1920w\" sizes=\"(max-width: 768px) 100vw, 768px\" \/><\/a><figcaption class=\"wp-element-caption\"><strong>Decapantes PL<\/strong><\/figcaption><\/figure>\n<\/div>\n\n<div class=\"wp-block-image\">\n<figure class=\"alignleft size-large is-resized\"><a href=\"https:\/\/tiendadeproductosdelimpieza.com\/index.php\/productos-punto-limpio\/productos-para-el-hogar\/\"><img loading=\"lazy\" decoding=\"async\" width=\"768\" height=\"1024\" src=\"https:\/\/tiendadeproductosdelimpieza.com\/wp-content\/uploads\/2024\/08\/LIMPIACRISTALES-PL-768x1024.jpeg\" alt=\"\" class=\"wp-image-14482\" style=\"width:179px;height:auto\" srcset=\"https:\/\/tiendadeproductosdelimpieza.com\/wp-content\/uploads\/2024\/08\/LIMPIACRISTALES-PL-768x1024.jpeg 768w, https:\/\/tiendadeproductosdelimpieza.com\/wp-content\/uploads\/2024\/08\/LIMPIACRISTALES-PL-225x300.jpeg 225w, https:\/\/tiendadeproductosdelimpieza.com\/wp-content\/uploads\/2024\/08\/LIMPIACRISTALES-PL-1152x1536.jpeg 1152w, https:\/\/tiendadeproductosdelimpieza.com\/wp-content\/uploads\/2024\/08\/LIMPIACRISTALES-PL-1536x2048.jpeg 1536w, https:\/\/tiendadeproductosdelimpieza.com\/wp-content\/uploads\/2024\/08\/LIMPIACRISTALES-PL-300x400.jpeg 300w, https:\/\/tiendadeproductosdelimpieza.com\/wp-content\/uploads\/2024\/08\/LIMPIACRISTALES-PL-600x800.jpeg 600w, https:\/\/tiendadeproductosdelimpieza.com\/wp-content\/uploads\/2024\/08\/LIMPIACRISTALES-PL-scaled.jpeg 1920w\" sizes=\"(max-width: 768px) 100vw, 768px\" \/><\/a><figcaption class=\"wp-element-caption\"><strong>Limpia Cristales P<\/strong>L<\/figcaption><\/figure>\n<\/div>\n\n<div class=\"wp-block-image\">\n<figure class=\"alignleft size-large is-resized\"><a href=\"https:\/\/tiendadeproductosdelimpieza.com\/index.php\/productos-punto-limpio\/productos-para-el-hogar\/\"><img loading=\"lazy\" decoding=\"async\" width=\"768\" height=\"1024\" src=\"https:\/\/tiendadeproductosdelimpieza.com\/wp-content\/uploads\/2024\/08\/LAVAVAJILLAS-MANUAL-768x1024.jpeg\" alt=\"\" class=\"wp-image-14483\" style=\"width:178px;height:auto\" srcset=\"https:\/\/tiendadeproductosdelimpieza.com\/wp-content\/uploads\/2024\/08\/LAVAVAJILLAS-MANUAL-768x1024.jpeg 768w, https:\/\/tiendadeproductosdelimpieza.com\/wp-content\/uploads\/2024\/08\/LAVAVAJILLAS-MANUAL-225x300.jpeg 225w, https:\/\/tiendadeproductosdelimpieza.com\/wp-content\/uploads\/2024\/08\/LAVAVAJILLAS-MANUAL-1152x1536.jpeg 1152w, https:\/\/tiendadeproductosdelimpieza.com\/wp-content\/uploads\/2024\/08\/LAVAVAJILLAS-MANUAL-1536x2048.jpeg 1536w, https:\/\/tiendadeproductosdelimpieza.com\/wp-content\/uploads\/2024\/08\/LAVAVAJILLAS-MANUAL-300x400.jpeg 300w, https:\/\/tiendadeproductosdelimpieza.com\/wp-content\/uploads\/2024\/08\/LAVAVAJILLAS-MANUAL-600x800.jpeg 600w, https:\/\/tiendadeproductosdelimpieza.com\/wp-content\/uploads\/2024\/08\/LAVAVAJILLAS-MANUAL-scaled.jpeg 1920w\" sizes=\"(max-width: 768px) 100vw, 768px\" \/><\/a><figcaption class=\"wp-element-caption\"><strong>LavaVajillas P<\/strong>L<\/figcaption><\/figure>\n<\/div>","protected":false},"excerpt":{"rendered":"<p>Productos punto Limpio Limpieza profesional En&nbsp;Punto Limpio&nbsp;tenemos una amplia gama de productos de&nbsp;limpieza profesional. Contamos con la colaboraci\u00f3n de algunos de los mejores proveedores del mercado (Numatic,&nbsp;Abrasivos \u00c1guila, Caselli,&nbsp;Bayeco), pero tenemos unos productos muy especiales. La raz\u00f3n que as\u00ed sea es que&nbsp;somos nosotros los que los creamos. Vamos a hablaros de algunos de esos productos&#8230;<\/p>\n","protected":false},"author":1,"featured_media":0,"parent":0,"menu_order":0,"comment_status":"closed","ping_status":"closed","template":"","meta":{"_tbt_post_transparent":"","_tbt_post_title":"","_tbt_post_layout":"","_tbt_post_sidebar_id":"","_tbt_post_content_style":"","_tbt_post_vertical_padding":"","_tbt_post_feature":"","_tbt_post_feature_position":"","_tbt_post_header":false,"_tbt_post_footer":false},"class_list":["post-14464","page","type-page","status-publish","hentry"],"yoast_head":"<!-- This site is optimized with the Yoast SEO plugin v27.4 - https:\/\/yoast.com\/product\/yoast-seo-wordpress\/ -->\n<title>Sobre nosotros -<\/title>\n<meta name=\"description\" content=\"Productos punto Limpio Limpieza profesional En&nbsp;Punto Limpio&nbsp;tenemos una amplia gama de productos de&nbsp;limpieza profesional. Contamos con la\" \/>\n<meta name=\"robots\" content=\"index, follow, max-snippet:-1, max-image-preview:large, max-video-preview:-1\" \/>\n<link rel=\"canonical\" href=\"https:\/\/tiendadeproductosdelimpieza.com\/index.php\/sobre-nosotros\/\" \/>\n<meta property=\"og:locale\" content=\"es_ES\" \/>\n<meta property=\"og:type\" content=\"article\" \/>\n<meta property=\"og:title\" content=\"Sobre nosotros -\" \/>\n<meta property=\"og:description\" content=\"Productos punto Limpio Limpieza profesional En&nbsp;Punto Limpio&nbsp;tenemos una amplia gama de productos de&nbsp;limpieza profesional. Contamos con la\" \/>\n<meta property=\"og:url\" content=\"https:\/\/tiendadeproductosdelimpieza.com\/index.php\/sobre-nosotros\/\" \/>\n<meta property=\"og:site_name\" content=\"Punto Limpio\" \/>\n<meta property=\"article:publisher\" content=\"https:\/\/www.facebook.com\/puntolimpiotienda\/?locale=es_ES\" \/>\n<meta property=\"article:modified_time\" content=\"2024-08-29T10:34:58+00:00\" \/>\n<meta property=\"og:image\" content=\"https:\/\/tiendadeproductosdelimpieza.com\/wp-content\/uploads\/2024\/08\/Tienda-1-1024x437.jpeg\" \/>\n<meta name=\"twitter:card\" content=\"summary_large_image\" \/>\n<meta name=\"twitter:label1\" content=\"Tiempo de lectura\" \/>\n\t<meta name=\"twitter:data1\" content=\"3 minutos\" \/>\n<script type=\"application\/ld+json\" class=\"yoast-schema-graph\">{\"@context\":\"https:\\\/\\\/schema.org\",\"@graph\":[{\"@type\":\"WebPage\",\"@id\":\"https:\\\/\\\/tiendadeproductosdelimpieza.com\\\/index.php\\\/sobre-nosotros\\\/\",\"url\":\"https:\\\/\\\/tiendadeproductosdelimpieza.com\\\/index.php\\\/sobre-nosotros\\\/\",\"name\":\"Sobre nosotros -\",\"isPartOf\":{\"@id\":\"https:\\\/\\\/tiendadeproductosdelimpieza.com\\\/#website\"},\"primaryImageOfPage\":{\"@id\":\"https:\\\/\\\/tiendadeproductosdelimpieza.com\\\/index.php\\\/sobre-nosotros\\\/#primaryimage\"},\"image\":{\"@id\":\"https:\\\/\\\/tiendadeproductosdelimpieza.com\\\/index.php\\\/sobre-nosotros\\\/#primaryimage\"},\"thumbnailUrl\":\"https:\\\/\\\/tiendadeproductosdelimpieza.com\\\/wp-content\\\/uploads\\\/2024\\\/08\\\/Tienda-1-1024x437.jpeg\",\"datePublished\":\"2024-08-29T08:23:52+00:00\",\"dateModified\":\"2024-08-29T10:34:58+00:00\",\"description\":\"Productos punto Limpio Limpieza profesional En&nbsp;Punto Limpio&nbsp;tenemos una amplia gama de productos de&nbsp;limpieza profesional. Contamos con la\",\"breadcrumb\":{\"@id\":\"https:\\\/\\\/tiendadeproductosdelimpieza.com\\\/index.php\\\/sobre-nosotros\\\/#breadcrumb\"},\"inLanguage\":\"es\",\"potentialAction\":[{\"@type\":\"ReadAction\",\"target\":[\"https:\\\/\\\/tiendadeproductosdelimpieza.com\\\/index.php\\\/sobre-nosotros\\\/\"]}]},{\"@type\":\"ImageObject\",\"inLanguage\":\"es\",\"@id\":\"https:\\\/\\\/tiendadeproductosdelimpieza.com\\\/index.php\\\/sobre-nosotros\\\/#primaryimage\",\"url\":\"https:\\\/\\\/tiendadeproductosdelimpieza.com\\\/wp-content\\\/uploads\\\/2024\\\/08\\\/Tienda-1.jpeg\",\"contentUrl\":\"https:\\\/\\\/tiendadeproductosdelimpieza.com\\\/wp-content\\\/uploads\\\/2024\\\/08\\\/Tienda-1.jpeg\",\"width\":2048,\"height\":874},{\"@type\":\"BreadcrumbList\",\"@id\":\"https:\\\/\\\/tiendadeproductosdelimpieza.com\\\/index.php\\\/sobre-nosotros\\\/#breadcrumb\",\"itemListElement\":[{\"@type\":\"ListItem\",\"position\":1,\"name\":\"Portada\",\"item\":\"https:\\\/\\\/tiendadeproductosdelimpieza.com\\\/\"},{\"@type\":\"ListItem\",\"position\":2,\"name\":\"Sobre nosotros\"}]},{\"@type\":\"WebSite\",\"@id\":\"https:\\\/\\\/tiendadeproductosdelimpieza.com\\\/#website\",\"url\":\"https:\\\/\\\/tiendadeproductosdelimpieza.com\\\/\",\"name\":\"Tienda de productos de limpieza\",\"description\":\"Punto Limpio SL\",\"publisher\":{\"@id\":\"https:\\\/\\\/tiendadeproductosdelimpieza.com\\\/#organization\"},\"alternateName\":\"Punto Limpio SL\",\"potentialAction\":[{\"@type\":\"SearchAction\",\"target\":{\"@type\":\"EntryPoint\",\"urlTemplate\":\"https:\\\/\\\/tiendadeproductosdelimpieza.com\\\/?s={search_term_string}\"},\"query-input\":{\"@type\":\"PropertyValueSpecification\",\"valueRequired\":true,\"valueName\":\"search_term_string\"}}],\"inLanguage\":\"es\"},{\"@type\":\"Organization\",\"@id\":\"https:\\\/\\\/tiendadeproductosdelimpieza.com\\\/#organization\",\"name\":\"Tienda de productos de limpieza\",\"alternateName\":\"Punto Limpio SL\",\"url\":\"https:\\\/\\\/tiendadeproductosdelimpieza.com\\\/\",\"logo\":{\"@type\":\"ImageObject\",\"inLanguage\":\"es\",\"@id\":\"https:\\\/\\\/tiendadeproductosdelimpieza.com\\\/#\\\/schema\\\/logo\\\/image\\\/\",\"url\":\"https:\\\/\\\/tiendadeproductosdelimpieza.com\\\/wp-content\\\/uploads\\\/2024\\\/05\\\/cropped-Letras-PL-1.png\",\"contentUrl\":\"https:\\\/\\\/tiendadeproductosdelimpieza.com\\\/wp-content\\\/uploads\\\/2024\\\/05\\\/cropped-Letras-PL-1.png\",\"width\":512,\"height\":512,\"caption\":\"Tienda de productos de limpieza\"},\"image\":{\"@id\":\"https:\\\/\\\/tiendadeproductosdelimpieza.com\\\/#\\\/schema\\\/logo\\\/image\\\/\"},\"sameAs\":[\"https:\\\/\\\/www.facebook.com\\\/puntolimpiotienda\\\/?locale=es_ES\",\"https:\\\/\\\/www.instagram.com\\\/punto.limpio\\\/\"]}]}<\/script>\n<!-- \/ Yoast SEO plugin. -->","yoast_head_json":{"title":"Sobre nosotros -","description":"Productos punto Limpio Limpieza profesional En&nbsp;Punto Limpio&nbsp;tenemos una amplia gama de productos de&nbsp;limpieza profesional. Contamos con la","robots":{"index":"index","follow":"follow","max-snippet":"max-snippet:-1","max-image-preview":"max-image-preview:large","max-video-preview":"max-video-preview:-1"},"canonical":"https:\/\/tiendadeproductosdelimpieza.com\/index.php\/sobre-nosotros\/","og_locale":"es_ES","og_type":"article","og_title":"Sobre nosotros -","og_description":"Productos punto Limpio Limpieza profesional En&nbsp;Punto Limpio&nbsp;tenemos una amplia gama de productos de&nbsp;limpieza profesional. Contamos con la","og_url":"https:\/\/tiendadeproductosdelimpieza.com\/index.php\/sobre-nosotros\/","og_site_name":"Punto Limpio","article_publisher":"https:\/\/www.facebook.com\/puntolimpiotienda\/?locale=es_ES","article_modified_time":"2024-08-29T10:34:58+00:00","og_image":[{"url":"https:\/\/tiendadeproductosdelimpieza.com\/wp-content\/uploads\/2024\/08\/Tienda-1-1024x437.jpeg","type":"","width":"","height":""}],"twitter_card":"summary_large_image","twitter_misc":{"Tiempo de lectura":"3 minutos"},"schema":{"@context":"https:\/\/schema.org","@graph":[{"@type":"WebPage","@id":"https:\/\/tiendadeproductosdelimpieza.com\/index.php\/sobre-nosotros\/","url":"https:\/\/tiendadeproductosdelimpieza.com\/index.php\/sobre-nosotros\/","name":"Sobre nosotros -","isPartOf":{"@id":"https:\/\/tiendadeproductosdelimpieza.com\/#website"},"primaryImageOfPage":{"@id":"https:\/\/tiendadeproductosdelimpieza.com\/index.php\/sobre-nosotros\/#primaryimage"},"image":{"@id":"https:\/\/tiendadeproductosdelimpieza.com\/index.php\/sobre-nosotros\/#primaryimage"},"thumbnailUrl":"https:\/\/tiendadeproductosdelimpieza.com\/wp-content\/uploads\/2024\/08\/Tienda-1-1024x437.jpeg","datePublished":"2024-08-29T08:23:52+00:00","dateModified":"2024-08-29T10:34:58+00:00","description":"Productos punto Limpio Limpieza profesional En&nbsp;Punto Limpio&nbsp;tenemos una amplia gama de productos de&nbsp;limpieza profesional. Contamos con la","breadcrumb":{"@id":"https:\/\/tiendadeproductosdelimpieza.com\/index.php\/sobre-nosotros\/#breadcrumb"},"inLanguage":"es","potentialAction":[{"@type":"ReadAction","target":["https:\/\/tiendadeproductosdelimpieza.com\/index.php\/sobre-nosotros\/"]}]},{"@type":"ImageObject","inLanguage":"es","@id":"https:\/\/tiendadeproductosdelimpieza.com\/index.php\/sobre-nosotros\/#primaryimage","url":"https:\/\/tiendadeproductosdelimpieza.com\/wp-content\/uploads\/2024\/08\/Tienda-1.jpeg","contentUrl":"https:\/\/tiendadeproductosdelimpieza.com\/wp-content\/uploads\/2024\/08\/Tienda-1.jpeg","width":2048,"height":874},{"@type":"BreadcrumbList","@id":"https:\/\/tiendadeproductosdelimpieza.com\/index.php\/sobre-nosotros\/#breadcrumb","itemListElement":[{"@type":"ListItem","position":1,"name":"Portada","item":"https:\/\/tiendadeproductosdelimpieza.com\/"},{"@type":"ListItem","position":2,"name":"Sobre nosotros"}]},{"@type":"WebSite","@id":"https:\/\/tiendadeproductosdelimpieza.com\/#website","url":"https:\/\/tiendadeproductosdelimpieza.com\/","name":"Tienda de productos de limpieza","description":"Punto Limpio SL","publisher":{"@id":"https:\/\/tiendadeproductosdelimpieza.com\/#organization"},"alternateName":"Punto Limpio SL","potentialAction":[{"@type":"SearchAction","target":{"@type":"EntryPoint","urlTemplate":"https:\/\/tiendadeproductosdelimpieza.com\/?s={search_term_string}"},"query-input":{"@type":"PropertyValueSpecification","valueRequired":true,"valueName":"search_term_string"}}],"inLanguage":"es"},{"@type":"Organization","@id":"https:\/\/tiendadeproductosdelimpieza.com\/#organization","name":"Tienda de productos de limpieza","alternateName":"Punto Limpio SL","url":"https:\/\/tiendadeproductosdelimpieza.com\/","logo":{"@type":"ImageObject","inLanguage":"es","@id":"https:\/\/tiendadeproductosdelimpieza.com\/#\/schema\/logo\/image\/","url":"https:\/\/tiendadeproductosdelimpieza.com\/wp-content\/uploads\/2024\/05\/cropped-Letras-PL-1.png","contentUrl":"https:\/\/tiendadeproductosdelimpieza.com\/wp-content\/uploads\/2024\/05\/cropped-Letras-PL-1.png","width":512,"height":512,"caption":"Tienda de productos de limpieza"},"image":{"@id":"https:\/\/tiendadeproductosdelimpieza.com\/#\/schema\/logo\/image\/"},"sameAs":["https:\/\/www.facebook.com\/puntolimpiotienda\/?locale=es_ES","https:\/\/www.instagram.com\/punto.limpio\/"]}]}},"_links":{"self":[{"href":"https:\/\/tiendadeproductosdelimpieza.com\/index.php\/wp-json\/wp\/v2\/pages\/14464","targetHints":{"allow":["GET"]}}],"collection":[{"href":"https:\/\/tiendadeproductosdelimpieza.com\/index.php\/wp-json\/wp\/v2\/pages"}],"about":[{"href":"https:\/\/tiendadeproductosdelimpieza.com\/index.php\/wp-json\/wp\/v2\/types\/page"}],"author":[{"embeddable":true,"href":"https:\/\/tiendadeproductosdelimpieza.com\/index.php\/wp-json\/wp\/v2\/users\/1"}],"replies":[{"embeddable":true,"href":"https:\/\/tiendadeproductosdelimpieza.com\/index.php\/wp-json\/wp\/v2\/comments?post=14464"}],"version-history":[{"count":16,"href":"https:\/\/tiendadeproductosdelimpieza.com\/index.php\/wp-json\/wp\/v2\/pages\/14464\/revisions"}],"predecessor-version":[{"id":14500,"href":"https:\/\/tiendadeproductosdelimpieza.com\/index.php\/wp-json\/wp\/v2\/pages\/14464\/revisions\/14500"}],"wp:attachment":[{"href":"https:\/\/tiendadeproductosdelimpieza.com\/index.php\/wp-json\/wp\/v2\/media?parent=14464"}],"curies":[{"name":"wp","href":"https:\/\/api.w.org\/{rel}","templated":true}]}}