{"id":13514,"date":"2024-03-20T12:32:17","date_gmt":"2024-03-20T11:32:17","guid":{"rendered":"https:\/\/tiendadeproductosdelimpieza.com\/?page_id=13514"},"modified":"2024-04-27T13:22:10","modified_gmt":"2024-04-27T11:22:10","slug":"alquiler-de-maquinaria","status":"publish","type":"page","link":"https:\/\/tiendadeproductosdelimpieza.com\/index.php\/maquinaria\/alquiler-de-maquinaria\/","title":{"rendered":"Alquiler de maquinaria"},"content":{"rendered":"\t\t<div data-elementor-type=\"wp-page\" data-elementor-id=\"13514\" class=\"elementor elementor-13514\">\n\t\t\t\t<div class=\"elementor-element elementor-element-74d07e6 e-flex e-con-boxed e-con e-parent\" data-id=\"74d07e6\" data-element_type=\"container\" data-e-type=\"container\">\n\t\t\t\t\t<div class=\"e-con-inner\">\n\t\t\t\t<div class=\"elementor-element elementor-element-9527503 elementor-widget elementor-widget-heading\" data-id=\"9527503\" data-element_type=\"widget\" data-e-type=\"widget\" data-widget_type=\"heading.default\">\n\t\t\t\t<div class=\"elementor-widget-container\">\n\t\t\t\t\t<h2 class=\"elementor-heading-title elementor-size-default\">\u00bfNecesitas alquilar o comprar Maquinaria de limpieza?<\/h2>\t\t\t\t<\/div>\n\t\t\t\t<\/div>\n\t\t\t\t\t<\/div>\n\t\t\t\t<\/div>\n\t\t<div class=\"elementor-element elementor-element-f7255c0 e-flex e-con-boxed e-con e-parent\" data-id=\"f7255c0\" data-element_type=\"container\" data-e-type=\"container\">\n\t\t\t\t\t<div class=\"e-con-inner\">\n\t\t\t\t<div class=\"elementor-element elementor-element-c377a0e elementor-widget elementor-widget-spacer\" data-id=\"c377a0e\" data-element_type=\"widget\" data-e-type=\"widget\" data-widget_type=\"spacer.default\">\n\t\t\t\t<div class=\"elementor-widget-container\">\n\t\t\t\t\t\t\t<div class=\"elementor-spacer\">\n\t\t\t<div class=\"elementor-spacer-inner\"><\/div>\n\t\t<\/div>\n\t\t\t\t\t\t<\/div>\n\t\t\t\t<\/div>\n\t\t\t\t\t<\/div>\n\t\t\t\t<\/div>\n\t\t<div class=\"elementor-element elementor-element-5dbe577 e-flex e-con-boxed e-con e-parent\" data-id=\"5dbe577\" data-element_type=\"container\" data-e-type=\"container\">\n\t\t\t\t\t<div class=\"e-con-inner\">\n\t\t\t\t<div class=\"elementor-element elementor-element-a46544d elementor-widget elementor-widget-text-editor\" data-id=\"a46544d\" data-element_type=\"widget\" data-e-type=\"widget\" data-widget_type=\"text-editor.default\">\n\t\t\t\t<div class=\"elementor-widget-container\">\n\t\t\t\t\t\t\t\t\t<div class=\"flex-1 overflow-hidden\"><div class=\"react-scroll-to-bottom--css-tgvbb-79elbk h-full\"><div class=\"react-scroll-to-bottom--css-tgvbb-1n7m0yu\"><div class=\"flex flex-col text-sm pb-9\"><div class=\"w-full text-token-text-primary\" data-testid=\"conversation-turn-13\"><div class=\"px-4 py-2 justify-center text-base md:gap-6 m-auto\"><div class=\"flex flex-1 text-base mx-auto gap-3 md:px-5 lg:px-1 xl:px-5 md:max-w-3xl lg:max-w-[40rem] xl:max-w-[48rem] group\"><div class=\"relative flex w-full flex-col agent-turn\"><div class=\"flex-col gap-1 md:gap-3\"><div class=\"flex flex-grow flex-col max-w-full\"><div class=\"min-h-[20px] text-message flex flex-col items-start gap-3 whitespace-pre-wrap break-words [.text-message+&amp;]:mt-5 overflow-x-auto\" data-message-author-role=\"assistant\" data-message-id=\"2e32c22d-273d-4964-a40a-14d1704adc4d\"><div class=\"markdown prose w-full break-words dark:prose-invert dark\"><p><strong>Bienvenido a Punto Limpio Tienda SL. Especialistas en Venta y Alquiler de Maquinaria<\/strong><\/p><p>En Punto Limpio, nos dedicamos a proporcionar soluciones integrales en maquinaria para tus necesidades de\u00a0 limpieza y mucho m\u00e1s. Ya sea que est\u00e9s buscando adquirir equipos nuevos para tu proyecto o necesites alquilar maquinaria por un tiempo determinado, estamos aqu\u00ed para ayudarte a encontrar la mejor opci\u00f3n.<\/p><p><strong>Nuestros Servicios:<\/strong><\/p><ol><li><p><strong>Venta de Maquinaria:<\/strong> Contamos con una amplia gama de maquinaria nueva de las marcas m\u00e1s reconocidas en el mercado. Alquilamos rotativas y fregadoras , tenemos todo lo que necesitas para llevar a cabo tus proyectos con \u00e9xito. Nuestro equipo de expertos te guiar\u00e1 en la selecci\u00f3n del equipo adecuado para tus necesidades espec\u00edficas y presupuesto.<\/p><\/li><li><p><strong>Alquiler de Maquinaria:<\/strong> \u00bfNecesitas maquinaria solo por un tiempo limitado? Ofrecemos opciones de alquiler flexibles que se adaptan a tus requerimientos. Tenemos la maquinaria que necesitas disponible para alquiler a corto o largo plazo.<\/p><\/li><\/ol><p><strong>\u00bfNecesitas Ayuda? \u00a1Cont\u00e1ctanos!<\/strong><\/p><p>En Punto Limpio Tienda SL, nos enorgullecemos de ofrecer un servicio al cliente excepcional. Si tienes alguna pregunta sobre nuestros servicios, necesitas asesoramiento sobre qu\u00e9 equipo es el m\u00e1s adecuado para tu proyecto o deseas solicitar un presupuesto, no dudes en ponerte en contacto con nosotros. Nuestro equipo estar\u00e1 encantado de ayudarte en todo lo que necesites.<\/p><p><strong>\u00a1Haz de Punto Limpio tu socio en maquinaria y lleva tus proyectos al siguiente nivel!<\/strong><\/p><\/div><\/div><\/div><div class=\"mt-1 flex justify-start gap-3 empty:hidden\"><div class=\"text-gray-400 flex self-end lg:self-center items-center justify-center lg:justify-start mt-0 -ml-1 h-7 gap-[2px] visible\"><div class=\"flex\">\u00a0<\/div><\/div><\/div><\/div><\/div><\/div><\/div><\/div><div class=\"w-full text-token-text-primary\" data-testid=\"conversation-turn-14\"><div class=\"px-4 py-2 justify-center text-base md:gap-6 m-auto\"><div class=\"flex flex-1 text-base mx-auto gap-3 md:px-5 lg:px-1 xl:px-5 md:max-w-3xl lg:max-w-[40rem] xl:max-w-[48rem] group\"><div class=\"relative flex w-full flex-col\"><div class=\"font-semibold select-none\">\u00a0<\/div><\/div><\/div><\/div><\/div><\/div><\/div><\/div><\/div>\t\t\t\t\t\t\t\t<\/div>\n\t\t\t\t<\/div>\n\t\t\t\t<div class=\"elementor-element elementor-element-4698304 elementor-button-info elementor-widget elementor-widget-button\" data-id=\"4698304\" data-element_type=\"widget\" data-e-type=\"widget\" data-widget_type=\"button.default\">\n\t\t\t\t<div class=\"elementor-widget-container\">\n\t\t\t\t\t\t\t\t\t<div class=\"elementor-button-wrapper\">\n\t\t\t\t\t<a class=\"elementor-button elementor-button-link elementor-size-sm\" href=\"https:\/\/tiendadeproductosdelimpieza.com\/index.php\/contacte-con-nosotros\/\">\n\t\t\t\t\t\t<span class=\"elementor-button-content-wrapper\">\n\t\t\t\t\t\t<span class=\"elementor-button-icon\">\n\t\t\t\t<svg aria-hidden=\"true\" class=\"e-font-icon-svg e-fas-phone-alt\" viewBox=\"0 0 512 512\" xmlns=\"http:\/\/www.w3.org\/2000\/svg\"><path d=\"M497.39 361.8l-112-48a24 24 0 0 0-28 6.9l-49.6 60.6A370.66 370.66 0 0 1 130.6 204.11l60.6-49.6a23.94 23.94 0 0 0 6.9-28l-48-112A24.16 24.16 0 0 0 122.6.61l-104 24A24 24 0 0 0 0 48c0 256.5 207.9 464 464 464a24 24 0 0 0 23.4-18.6l24-104a24.29 24.29 0 0 0-14.01-27.6z\"><\/path><\/svg>\t\t\t<\/span>\n\t\t\t\t\t\t\t\t\t<span class=\"elementor-button-text\">Cont\u00e1cte con nostros <\/span>\n\t\t\t\t\t<\/span>\n\t\t\t\t\t<\/a>\n\t\t\t\t<\/div>\n\t\t\t\t\t\t\t\t<\/div>\n\t\t\t\t<\/div>\n\t\t\t\t<div class=\"elementor-element elementor-element-58be72f elementor-widget elementor-widget-spacer\" data-id=\"58be72f\" data-element_type=\"widget\" data-e-type=\"widget\" data-widget_type=\"spacer.default\">\n\t\t\t\t<div class=\"elementor-widget-container\">\n\t\t\t\t\t\t\t<div class=\"elementor-spacer\">\n\t\t\t<div class=\"elementor-spacer-inner\"><\/div>\n\t\t<\/div>\n\t\t\t\t\t\t<\/div>\n\t\t\t\t<\/div>\n\t\t\t\t\t<\/div>\n\t\t\t\t<\/div>\n\t\t\t\t<\/div>\n\t\t","protected":false},"excerpt":{"rendered":"<p>\u00bfNecesitas alquilar o comprar Maquinaria de limpieza? Bienvenido a Punto Limpio Tienda SL. Especialistas en Venta y Alquiler de Maquinaria En Punto Limpio, nos dedicamos a proporcionar soluciones integrales en maquinaria para tus necesidades de\u00a0 limpieza y mucho m\u00e1s. Ya sea que est\u00e9s buscando adquirir equipos nuevos para tu proyecto o necesites alquilar maquinaria por&#8230;<\/p>\n","protected":false},"author":1,"featured_media":0,"parent":11319,"menu_order":0,"comment_status":"closed","ping_status":"closed","template":"","meta":{"_tbt_post_transparent":"","_tbt_post_title":"hide","_tbt_post_layout":"fullwidth","_tbt_post_sidebar_id":"","_tbt_post_content_style":"unboxed","_tbt_post_vertical_padding":"hide","_tbt_post_feature":"hide","_tbt_post_feature_position":"","_tbt_post_header":false,"_tbt_post_footer":false},"class_list":["post-13514","page","type-page","status-publish","hentry"],"yoast_head":"<!-- This site is optimized with the Yoast SEO plugin v27.5 - https:\/\/yoast.com\/product\/yoast-seo-wordpress\/ -->\n<title>Alquiler de maquinaria -<\/title>\n<meta name=\"description\" content=\"\u00bfNecesitas alquilar o comprar Maquinaria de limpieza? Bienvenido a Punto Limpio Tienda SL. Especialistas en Venta y Alquiler de MaquinariaEn Punto Limpio,\" \/>\n<meta name=\"robots\" content=\"index, follow, max-snippet:-1, max-image-preview:large, max-video-preview:-1\" \/>\n<link rel=\"canonical\" href=\"https:\/\/tiendadeproductosdelimpieza.com\/index.php\/maquinaria\/alquiler-de-maquinaria\/\" \/>\n<meta property=\"og:locale\" content=\"es_ES\" \/>\n<meta property=\"og:type\" content=\"article\" \/>\n<meta property=\"og:title\" content=\"Alquiler de maquinaria -\" \/>\n<meta property=\"og:description\" content=\"\u00bfNecesitas alquilar o comprar Maquinaria de limpieza? Bienvenido a Punto Limpio Tienda SL. Especialistas en Venta y Alquiler de MaquinariaEn Punto Limpio,\" \/>\n<meta property=\"og:url\" content=\"https:\/\/tiendadeproductosdelimpieza.com\/index.php\/maquinaria\/alquiler-de-maquinaria\/\" \/>\n<meta property=\"og:site_name\" content=\"Punto Limpio\" \/>\n<meta property=\"article:publisher\" content=\"https:\/\/www.facebook.com\/puntolimpiotienda\/?locale=es_ES\" \/>\n<meta property=\"article:modified_time\" content=\"2024-04-27T11:22:10+00:00\" \/>\n<meta property=\"og:image\" content=\"https:\/\/tiendadeproductosdelimpieza.com\/wp-content\/uploads\/2024\/05\/cropped-Letras-PL-1.png\" \/>\n\t<meta property=\"og:image:width\" content=\"512\" \/>\n\t<meta property=\"og:image:height\" content=\"512\" \/>\n\t<meta property=\"og:image:type\" content=\"image\/png\" \/>\n<meta name=\"twitter:card\" content=\"summary_large_image\" \/>\n<meta name=\"twitter:label1\" content=\"Tiempo de lectura\" \/>\n\t<meta name=\"twitter:data1\" content=\"1 minuto\" \/>\n<script type=\"application\/ld+json\" class=\"yoast-schema-graph\">{\"@context\":\"https:\\\/\\\/schema.org\",\"@graph\":[{\"@type\":\"WebPage\",\"@id\":\"https:\\\/\\\/tiendadeproductosdelimpieza.com\\\/index.php\\\/maquinaria\\\/alquiler-de-maquinaria\\\/\",\"url\":\"https:\\\/\\\/tiendadeproductosdelimpieza.com\\\/index.php\\\/maquinaria\\\/alquiler-de-maquinaria\\\/\",\"name\":\"Alquiler de maquinaria -\",\"isPartOf\":{\"@id\":\"https:\\\/\\\/tiendadeproductosdelimpieza.com\\\/#website\"},\"datePublished\":\"2024-03-20T11:32:17+00:00\",\"dateModified\":\"2024-04-27T11:22:10+00:00\",\"description\":\"\u00bfNecesitas alquilar o comprar Maquinaria de limpieza? Bienvenido a Punto Limpio Tienda SL. Especialistas en Venta y Alquiler de MaquinariaEn Punto Limpio,\",\"breadcrumb\":{\"@id\":\"https:\\\/\\\/tiendadeproductosdelimpieza.com\\\/index.php\\\/maquinaria\\\/alquiler-de-maquinaria\\\/#breadcrumb\"},\"inLanguage\":\"es\",\"potentialAction\":[{\"@type\":\"ReadAction\",\"target\":[\"https:\\\/\\\/tiendadeproductosdelimpieza.com\\\/index.php\\\/maquinaria\\\/alquiler-de-maquinaria\\\/\"]}]},{\"@type\":\"BreadcrumbList\",\"@id\":\"https:\\\/\\\/tiendadeproductosdelimpieza.com\\\/index.php\\\/maquinaria\\\/alquiler-de-maquinaria\\\/#breadcrumb\",\"itemListElement\":[{\"@type\":\"ListItem\",\"position\":1,\"name\":\"Portada\",\"item\":\"https:\\\/\\\/tiendadeproductosdelimpieza.com\\\/\"},{\"@type\":\"ListItem\",\"position\":2,\"name\":\"Maquinaria\",\"item\":\"https:\\\/\\\/tiendadeproductosdelimpieza.com\\\/index.php\\\/maquinaria\\\/\"},{\"@type\":\"ListItem\",\"position\":3,\"name\":\"Alquiler de maquinaria\"}]},{\"@type\":\"WebSite\",\"@id\":\"https:\\\/\\\/tiendadeproductosdelimpieza.com\\\/#website\",\"url\":\"https:\\\/\\\/tiendadeproductosdelimpieza.com\\\/\",\"name\":\"Tienda de productos de limpieza\",\"description\":\"Punto Limpio SL\",\"publisher\":{\"@id\":\"https:\\\/\\\/tiendadeproductosdelimpieza.com\\\/#organization\"},\"alternateName\":\"Punto Limpio SL\",\"potentialAction\":[{\"@type\":\"SearchAction\",\"target\":{\"@type\":\"EntryPoint\",\"urlTemplate\":\"https:\\\/\\\/tiendadeproductosdelimpieza.com\\\/?s={search_term_string}\"},\"query-input\":{\"@type\":\"PropertyValueSpecification\",\"valueRequired\":true,\"valueName\":\"search_term_string\"}}],\"inLanguage\":\"es\"},{\"@type\":\"Organization\",\"@id\":\"https:\\\/\\\/tiendadeproductosdelimpieza.com\\\/#organization\",\"name\":\"Tienda de productos de limpieza\",\"alternateName\":\"Punto Limpio SL\",\"url\":\"https:\\\/\\\/tiendadeproductosdelimpieza.com\\\/\",\"logo\":{\"@type\":\"ImageObject\",\"inLanguage\":\"es\",\"@id\":\"https:\\\/\\\/tiendadeproductosdelimpieza.com\\\/#\\\/schema\\\/logo\\\/image\\\/\",\"url\":\"https:\\\/\\\/tiendadeproductosdelimpieza.com\\\/wp-content\\\/uploads\\\/2024\\\/05\\\/cropped-Letras-PL-1.png\",\"contentUrl\":\"https:\\\/\\\/tiendadeproductosdelimpieza.com\\\/wp-content\\\/uploads\\\/2024\\\/05\\\/cropped-Letras-PL-1.png\",\"width\":512,\"height\":512,\"caption\":\"Tienda de productos de limpieza\"},\"image\":{\"@id\":\"https:\\\/\\\/tiendadeproductosdelimpieza.com\\\/#\\\/schema\\\/logo\\\/image\\\/\"},\"sameAs\":[\"https:\\\/\\\/www.facebook.com\\\/puntolimpiotienda\\\/?locale=es_ES\",\"https:\\\/\\\/www.instagram.com\\\/punto.limpio\\\/\"]}]}<\/script>\n<!-- \/ Yoast SEO plugin. -->","yoast_head_json":{"title":"Alquiler de maquinaria -","description":"\u00bfNecesitas alquilar o comprar Maquinaria de limpieza? Bienvenido a Punto Limpio Tienda SL. Especialistas en Venta y Alquiler de MaquinariaEn Punto Limpio,","robots":{"index":"index","follow":"follow","max-snippet":"max-snippet:-1","max-image-preview":"max-image-preview:large","max-video-preview":"max-video-preview:-1"},"canonical":"https:\/\/tiendadeproductosdelimpieza.com\/index.php\/maquinaria\/alquiler-de-maquinaria\/","og_locale":"es_ES","og_type":"article","og_title":"Alquiler de maquinaria -","og_description":"\u00bfNecesitas alquilar o comprar Maquinaria de limpieza? Bienvenido a Punto Limpio Tienda SL. Especialistas en Venta y Alquiler de MaquinariaEn Punto Limpio,","og_url":"https:\/\/tiendadeproductosdelimpieza.com\/index.php\/maquinaria\/alquiler-de-maquinaria\/","og_site_name":"Punto Limpio","article_publisher":"https:\/\/www.facebook.com\/puntolimpiotienda\/?locale=es_ES","article_modified_time":"2024-04-27T11:22:10+00:00","og_image":[{"width":512,"height":512,"url":"https:\/\/tiendadeproductosdelimpieza.com\/wp-content\/uploads\/2024\/05\/cropped-Letras-PL-1.png","type":"image\/png"}],"twitter_card":"summary_large_image","twitter_misc":{"Tiempo de lectura":"1 minuto"},"schema":{"@context":"https:\/\/schema.org","@graph":[{"@type":"WebPage","@id":"https:\/\/tiendadeproductosdelimpieza.com\/index.php\/maquinaria\/alquiler-de-maquinaria\/","url":"https:\/\/tiendadeproductosdelimpieza.com\/index.php\/maquinaria\/alquiler-de-maquinaria\/","name":"Alquiler de maquinaria -","isPartOf":{"@id":"https:\/\/tiendadeproductosdelimpieza.com\/#website"},"datePublished":"2024-03-20T11:32:17+00:00","dateModified":"2024-04-27T11:22:10+00:00","description":"\u00bfNecesitas alquilar o comprar Maquinaria de limpieza? Bienvenido a Punto Limpio Tienda SL. Especialistas en Venta y Alquiler de MaquinariaEn Punto Limpio,","breadcrumb":{"@id":"https:\/\/tiendadeproductosdelimpieza.com\/index.php\/maquinaria\/alquiler-de-maquinaria\/#breadcrumb"},"inLanguage":"es","potentialAction":[{"@type":"ReadAction","target":["https:\/\/tiendadeproductosdelimpieza.com\/index.php\/maquinaria\/alquiler-de-maquinaria\/"]}]},{"@type":"BreadcrumbList","@id":"https:\/\/tiendadeproductosdelimpieza.com\/index.php\/maquinaria\/alquiler-de-maquinaria\/#breadcrumb","itemListElement":[{"@type":"ListItem","position":1,"name":"Portada","item":"https:\/\/tiendadeproductosdelimpieza.com\/"},{"@type":"ListItem","position":2,"name":"Maquinaria","item":"https:\/\/tiendadeproductosdelimpieza.com\/index.php\/maquinaria\/"},{"@type":"ListItem","position":3,"name":"Alquiler de maquinaria"}]},{"@type":"WebSite","@id":"https:\/\/tiendadeproductosdelimpieza.com\/#website","url":"https:\/\/tiendadeproductosdelimpieza.com\/","name":"Tienda de productos de limpieza","description":"Punto Limpio SL","publisher":{"@id":"https:\/\/tiendadeproductosdelimpieza.com\/#organization"},"alternateName":"Punto Limpio SL","potentialAction":[{"@type":"SearchAction","target":{"@type":"EntryPoint","urlTemplate":"https:\/\/tiendadeproductosdelimpieza.com\/?s={search_term_string}"},"query-input":{"@type":"PropertyValueSpecification","valueRequired":true,"valueName":"search_term_string"}}],"inLanguage":"es"},{"@type":"Organization","@id":"https:\/\/tiendadeproductosdelimpieza.com\/#organization","name":"Tienda de productos de limpieza","alternateName":"Punto Limpio SL","url":"https:\/\/tiendadeproductosdelimpieza.com\/","logo":{"@type":"ImageObject","inLanguage":"es","@id":"https:\/\/tiendadeproductosdelimpieza.com\/#\/schema\/logo\/image\/","url":"https:\/\/tiendadeproductosdelimpieza.com\/wp-content\/uploads\/2024\/05\/cropped-Letras-PL-1.png","contentUrl":"https:\/\/tiendadeproductosdelimpieza.com\/wp-content\/uploads\/2024\/05\/cropped-Letras-PL-1.png","width":512,"height":512,"caption":"Tienda de productos de limpieza"},"image":{"@id":"https:\/\/tiendadeproductosdelimpieza.com\/#\/schema\/logo\/image\/"},"sameAs":["https:\/\/www.facebook.com\/puntolimpiotienda\/?locale=es_ES","https:\/\/www.instagram.com\/punto.limpio\/"]}]}},"_links":{"self":[{"href":"https:\/\/tiendadeproductosdelimpieza.com\/index.php\/wp-json\/wp\/v2\/pages\/13514","targetHints":{"allow":["GET"]}}],"collection":[{"href":"https:\/\/tiendadeproductosdelimpieza.com\/index.php\/wp-json\/wp\/v2\/pages"}],"about":[{"href":"https:\/\/tiendadeproductosdelimpieza.com\/index.php\/wp-json\/wp\/v2\/types\/page"}],"author":[{"embeddable":true,"href":"https:\/\/tiendadeproductosdelimpieza.com\/index.php\/wp-json\/wp\/v2\/users\/1"}],"replies":[{"embeddable":true,"href":"https:\/\/tiendadeproductosdelimpieza.com\/index.php\/wp-json\/wp\/v2\/comments?post=13514"}],"version-history":[{"count":9,"href":"https:\/\/tiendadeproductosdelimpieza.com\/index.php\/wp-json\/wp\/v2\/pages\/13514\/revisions"}],"predecessor-version":[{"id":14035,"href":"https:\/\/tiendadeproductosdelimpieza.com\/index.php\/wp-json\/wp\/v2\/pages\/13514\/revisions\/14035"}],"up":[{"embeddable":true,"href":"https:\/\/tiendadeproductosdelimpieza.com\/index.php\/wp-json\/wp\/v2\/pages\/11319"}],"wp:attachment":[{"href":"https:\/\/tiendadeproductosdelimpieza.com\/index.php\/wp-json\/wp\/v2\/media?parent=13514"}],"curies":[{"name":"wp","href":"https:\/\/api.w.org\/{rel}","templated":true}]}}