{"id":13211,"date":"2024-03-13T11:50:07","date_gmt":"2024-03-13T10:50:07","guid":{"rendered":"https:\/\/tiendadeproductosdelimpieza.com\/?page_id=13211"},"modified":"2024-08-28T11:39:02","modified_gmt":"2024-08-28T09:39:02","slug":"politica-de-envios","status":"publish","type":"page","link":"https:\/\/tiendadeproductosdelimpieza.com\/index.php\/politica-de-envios\/","title":{"rendered":"Pol\u00edtica de envios"},"content":{"rendered":"\t\t<div data-elementor-type=\"wp-page\" data-elementor-id=\"13211\" class=\"elementor elementor-13211\">\n\t\t\t\t<div class=\"elementor-element elementor-element-3ea02bf e-flex e-con-boxed e-con e-parent\" data-id=\"3ea02bf\" data-element_type=\"container\" data-e-type=\"container\">\n\t\t\t\t\t<div class=\"e-con-inner\">\n\t\t\t\t<div class=\"elementor-element elementor-element-f0b3a89 elementor-widget elementor-widget-heading\" data-id=\"f0b3a89\" data-element_type=\"widget\" data-e-type=\"widget\" data-widget_type=\"heading.default\">\n\t\t\t\t<div class=\"elementor-widget-container\">\n\t\t\t\t\t<h2 class=\"elementor-heading-title elementor-size-default\">Nuestra pol\u00edtica de envios<\/h2>\t\t\t\t<\/div>\n\t\t\t\t<\/div>\n\t\t\t\t<div class=\"elementor-element elementor-element-84696c9 elementor-widget elementor-widget-text-editor\" data-id=\"84696c9\" data-element_type=\"widget\" data-e-type=\"widget\" data-widget_type=\"text-editor.default\">\n\t\t\t\t<div class=\"elementor-widget-container\">\n\t\t\t\t\t\t\t\t\t<div class=\"shopify-policy__title\"><h1>\u00a0<\/h1><\/div><div class=\"shopify-policy__body\"><div class=\"rte\"><p>Punto LImpio SL. realiza env\u00edos a toda la pen\u00ednsula (Espa\u00f1a).<\/p><p><strong>ENV\u00cdOS<\/strong><\/p><p>Env\u00edamos tu compra mediante agencia de mensajer\u00eda para que recibas tu pedido en casa o direcci\u00f3n que nos indiques. Los pedidos tramitados antes de las 14:00 de cada d\u00eda laboral, ser\u00e1n procesados para su entrega al cliente en el plazo estipulado de entre 24-72 del d\u00eda siguiente laboral.\u00a0<\/p><p><strong>RECOGIDA EN TIENDA<\/strong><\/p><p>Compra online y rec\u00f3gelo en nuestra tienda. Puedes recoger tu pedido en nuestra tienda en un plazo aproximado de 24h, siempre en horario comercial. Te notificaremos una vez el pedido est\u00e9 preparado y listo para recoger en nuestra tienda.<\/p><p><strong>GASTOS DE ENV\u00cdO GRATIS<\/strong><\/p><p>En estos momentos no hay disponible ninguna promoci\u00f3n de env\u00edo gratis<\/p><p><strong>GASTOS DE ENV\u00cdO EST\u00c1NDAR<\/strong><\/p><p>El precio de env\u00edo se calcula en el carrito de la compra o p\u00e1gina de compra en el apartado de env\u00edo y se calcula en base al peso y la zona de env\u00edo.<\/p><p><strong>DISPONIBILIDAD<\/strong><\/p><p>La disponibilidad de los productos ofrecidos por\u00a0Punto Limpio SL en la tienda online puede variar en funci\u00f3n de la demanda de los clientes. Si no disponemos de stock de alg\u00fan producto solicitado en ese momento, le enviaremos un correo electr\u00f3nico al cliente inform\u00e1ndole de la falta de stock para proceder a la devoluci\u00f3n del importe.<\/p><p><strong>ENTREGA<\/strong><\/p><p>Tu pedido ser\u00e1 entregado en 24-72 h, en d\u00edas laborables desde la confirmaci\u00f3n del mismo.<\/p><\/div><\/div>\t\t\t\t\t\t\t\t<\/div>\n\t\t\t\t<\/div>\n\t\t<div class=\"elementor-element elementor-element-c181ee7 e-flex e-con-boxed e-con e-child\" data-id=\"c181ee7\" data-element_type=\"container\" data-e-type=\"container\">\n\t\t\t\t\t<div class=\"e-con-inner\">\n\t\t\t\t\t<\/div>\n\t\t\t\t<\/div>\n\t\t\t\t\t<\/div>\n\t\t\t\t<\/div>\n\t\t\t\t<\/div>\n\t\t","protected":false},"excerpt":{"rendered":"<p>Nuestra pol\u00edtica de envios \u00a0 Punto LImpio SL. realiza env\u00edos a toda la pen\u00ednsula (Espa\u00f1a). ENV\u00cdOS Env\u00edamos tu compra mediante agencia de mensajer\u00eda para que recibas tu pedido en casa o direcci\u00f3n que nos indiques. Los pedidos tramitados antes de las 14:00 de cada d\u00eda laboral, ser\u00e1n procesados para su entrega al cliente en el&#8230;<\/p>\n","protected":false},"author":1,"featured_media":0,"parent":0,"menu_order":0,"comment_status":"closed","ping_status":"closed","template":"","meta":{"_tbt_post_transparent":"","_tbt_post_title":"hide","_tbt_post_layout":"fullwidth","_tbt_post_sidebar_id":"","_tbt_post_content_style":"unboxed","_tbt_post_vertical_padding":"hide","_tbt_post_feature":"hide","_tbt_post_feature_position":"","_tbt_post_header":false,"_tbt_post_footer":false},"class_list":["post-13211","page","type-page","status-publish","hentry"],"yoast_head":"<!-- This site is optimized with the Yoast SEO plugin v27.5 - https:\/\/yoast.com\/product\/yoast-seo-wordpress\/ -->\n<title>Pol\u00edtica de envios -<\/title>\n<meta name=\"description\" content=\"Nuestra pol\u00edtica de envios \u00a0Punto LImpio SL. realiza env\u00edos a toda la pen\u00ednsula (Espa\u00f1a).ENV\u00cdOSEnv\u00edamos tu compra mediante agencia de mensajer\u00eda para que\" \/>\n<meta name=\"robots\" content=\"index, follow, max-snippet:-1, max-image-preview:large, max-video-preview:-1\" \/>\n<link rel=\"canonical\" href=\"https:\/\/tiendadeproductosdelimpieza.com\/index.php\/politica-de-envios\/\" \/>\n<meta property=\"og:locale\" content=\"es_ES\" \/>\n<meta property=\"og:type\" content=\"article\" \/>\n<meta property=\"og:title\" content=\"Pol\u00edtica de envios -\" \/>\n<meta property=\"og:description\" content=\"Nuestra pol\u00edtica de envios \u00a0Punto LImpio SL. realiza env\u00edos a toda la pen\u00ednsula (Espa\u00f1a).ENV\u00cdOSEnv\u00edamos tu compra mediante agencia de mensajer\u00eda para que\" \/>\n<meta property=\"og:url\" content=\"https:\/\/tiendadeproductosdelimpieza.com\/index.php\/politica-de-envios\/\" \/>\n<meta property=\"og:site_name\" content=\"Punto Limpio\" \/>\n<meta property=\"article:publisher\" content=\"https:\/\/www.facebook.com\/puntolimpiotienda\/?locale=es_ES\" \/>\n<meta property=\"article:modified_time\" content=\"2024-08-28T09:39:02+00:00\" \/>\n<meta property=\"og:image\" content=\"https:\/\/tiendadeproductosdelimpieza.com\/wp-content\/uploads\/2024\/05\/cropped-Letras-PL-1.png\" \/>\n\t<meta property=\"og:image:width\" content=\"512\" \/>\n\t<meta property=\"og:image:height\" content=\"512\" \/>\n\t<meta property=\"og:image:type\" content=\"image\/png\" \/>\n<meta name=\"twitter:card\" content=\"summary_large_image\" \/>\n<meta name=\"twitter:label1\" content=\"Tiempo de lectura\" \/>\n\t<meta name=\"twitter:data1\" content=\"2 minutos\" \/>\n<script type=\"application\/ld+json\" class=\"yoast-schema-graph\">{\"@context\":\"https:\\\/\\\/schema.org\",\"@graph\":[{\"@type\":\"WebPage\",\"@id\":\"https:\\\/\\\/tiendadeproductosdelimpieza.com\\\/index.php\\\/politica-de-envios\\\/\",\"url\":\"https:\\\/\\\/tiendadeproductosdelimpieza.com\\\/index.php\\\/politica-de-envios\\\/\",\"name\":\"Pol\u00edtica de envios -\",\"isPartOf\":{\"@id\":\"https:\\\/\\\/tiendadeproductosdelimpieza.com\\\/#website\"},\"datePublished\":\"2024-03-13T10:50:07+00:00\",\"dateModified\":\"2024-08-28T09:39:02+00:00\",\"description\":\"Nuestra pol\u00edtica de envios \u00a0Punto LImpio SL. realiza env\u00edos a toda la pen\u00ednsula (Espa\u00f1a).ENV\u00cdOSEnv\u00edamos tu compra mediante agencia de mensajer\u00eda para que\",\"breadcrumb\":{\"@id\":\"https:\\\/\\\/tiendadeproductosdelimpieza.com\\\/index.php\\\/politica-de-envios\\\/#breadcrumb\"},\"inLanguage\":\"es\",\"potentialAction\":[{\"@type\":\"ReadAction\",\"target\":[\"https:\\\/\\\/tiendadeproductosdelimpieza.com\\\/index.php\\\/politica-de-envios\\\/\"]}]},{\"@type\":\"BreadcrumbList\",\"@id\":\"https:\\\/\\\/tiendadeproductosdelimpieza.com\\\/index.php\\\/politica-de-envios\\\/#breadcrumb\",\"itemListElement\":[{\"@type\":\"ListItem\",\"position\":1,\"name\":\"Portada\",\"item\":\"https:\\\/\\\/tiendadeproductosdelimpieza.com\\\/\"},{\"@type\":\"ListItem\",\"position\":2,\"name\":\"Pol\u00edtica de envios\"}]},{\"@type\":\"WebSite\",\"@id\":\"https:\\\/\\\/tiendadeproductosdelimpieza.com\\\/#website\",\"url\":\"https:\\\/\\\/tiendadeproductosdelimpieza.com\\\/\",\"name\":\"Tienda de productos de limpieza\",\"description\":\"Punto Limpio SL\",\"publisher\":{\"@id\":\"https:\\\/\\\/tiendadeproductosdelimpieza.com\\\/#organization\"},\"alternateName\":\"Punto Limpio SL\",\"potentialAction\":[{\"@type\":\"SearchAction\",\"target\":{\"@type\":\"EntryPoint\",\"urlTemplate\":\"https:\\\/\\\/tiendadeproductosdelimpieza.com\\\/?s={search_term_string}\"},\"query-input\":{\"@type\":\"PropertyValueSpecification\",\"valueRequired\":true,\"valueName\":\"search_term_string\"}}],\"inLanguage\":\"es\"},{\"@type\":\"Organization\",\"@id\":\"https:\\\/\\\/tiendadeproductosdelimpieza.com\\\/#organization\",\"name\":\"Tienda de productos de limpieza\",\"alternateName\":\"Punto Limpio SL\",\"url\":\"https:\\\/\\\/tiendadeproductosdelimpieza.com\\\/\",\"logo\":{\"@type\":\"ImageObject\",\"inLanguage\":\"es\",\"@id\":\"https:\\\/\\\/tiendadeproductosdelimpieza.com\\\/#\\\/schema\\\/logo\\\/image\\\/\",\"url\":\"https:\\\/\\\/tiendadeproductosdelimpieza.com\\\/wp-content\\\/uploads\\\/2024\\\/05\\\/cropped-Letras-PL-1.png\",\"contentUrl\":\"https:\\\/\\\/tiendadeproductosdelimpieza.com\\\/wp-content\\\/uploads\\\/2024\\\/05\\\/cropped-Letras-PL-1.png\",\"width\":512,\"height\":512,\"caption\":\"Tienda de productos de limpieza\"},\"image\":{\"@id\":\"https:\\\/\\\/tiendadeproductosdelimpieza.com\\\/#\\\/schema\\\/logo\\\/image\\\/\"},\"sameAs\":[\"https:\\\/\\\/www.facebook.com\\\/puntolimpiotienda\\\/?locale=es_ES\",\"https:\\\/\\\/www.instagram.com\\\/punto.limpio\\\/\"]}]}<\/script>\n<!-- \/ Yoast SEO plugin. -->","yoast_head_json":{"title":"Pol\u00edtica de envios -","description":"Nuestra pol\u00edtica de envios \u00a0Punto LImpio SL. realiza env\u00edos a toda la pen\u00ednsula (Espa\u00f1a).ENV\u00cdOSEnv\u00edamos tu compra mediante agencia de mensajer\u00eda para que","robots":{"index":"index","follow":"follow","max-snippet":"max-snippet:-1","max-image-preview":"max-image-preview:large","max-video-preview":"max-video-preview:-1"},"canonical":"https:\/\/tiendadeproductosdelimpieza.com\/index.php\/politica-de-envios\/","og_locale":"es_ES","og_type":"article","og_title":"Pol\u00edtica de envios -","og_description":"Nuestra pol\u00edtica de envios \u00a0Punto LImpio SL. realiza env\u00edos a toda la pen\u00ednsula (Espa\u00f1a).ENV\u00cdOSEnv\u00edamos tu compra mediante agencia de mensajer\u00eda para que","og_url":"https:\/\/tiendadeproductosdelimpieza.com\/index.php\/politica-de-envios\/","og_site_name":"Punto Limpio","article_publisher":"https:\/\/www.facebook.com\/puntolimpiotienda\/?locale=es_ES","article_modified_time":"2024-08-28T09:39:02+00:00","og_image":[{"width":512,"height":512,"url":"https:\/\/tiendadeproductosdelimpieza.com\/wp-content\/uploads\/2024\/05\/cropped-Letras-PL-1.png","type":"image\/png"}],"twitter_card":"summary_large_image","twitter_misc":{"Tiempo de lectura":"2 minutos"},"schema":{"@context":"https:\/\/schema.org","@graph":[{"@type":"WebPage","@id":"https:\/\/tiendadeproductosdelimpieza.com\/index.php\/politica-de-envios\/","url":"https:\/\/tiendadeproductosdelimpieza.com\/index.php\/politica-de-envios\/","name":"Pol\u00edtica de envios -","isPartOf":{"@id":"https:\/\/tiendadeproductosdelimpieza.com\/#website"},"datePublished":"2024-03-13T10:50:07+00:00","dateModified":"2024-08-28T09:39:02+00:00","description":"Nuestra pol\u00edtica de envios \u00a0Punto LImpio SL. realiza env\u00edos a toda la pen\u00ednsula (Espa\u00f1a).ENV\u00cdOSEnv\u00edamos tu compra mediante agencia de mensajer\u00eda para que","breadcrumb":{"@id":"https:\/\/tiendadeproductosdelimpieza.com\/index.php\/politica-de-envios\/#breadcrumb"},"inLanguage":"es","potentialAction":[{"@type":"ReadAction","target":["https:\/\/tiendadeproductosdelimpieza.com\/index.php\/politica-de-envios\/"]}]},{"@type":"BreadcrumbList","@id":"https:\/\/tiendadeproductosdelimpieza.com\/index.php\/politica-de-envios\/#breadcrumb","itemListElement":[{"@type":"ListItem","position":1,"name":"Portada","item":"https:\/\/tiendadeproductosdelimpieza.com\/"},{"@type":"ListItem","position":2,"name":"Pol\u00edtica de envios"}]},{"@type":"WebSite","@id":"https:\/\/tiendadeproductosdelimpieza.com\/#website","url":"https:\/\/tiendadeproductosdelimpieza.com\/","name":"Tienda de productos de limpieza","description":"Punto Limpio SL","publisher":{"@id":"https:\/\/tiendadeproductosdelimpieza.com\/#organization"},"alternateName":"Punto Limpio SL","potentialAction":[{"@type":"SearchAction","target":{"@type":"EntryPoint","urlTemplate":"https:\/\/tiendadeproductosdelimpieza.com\/?s={search_term_string}"},"query-input":{"@type":"PropertyValueSpecification","valueRequired":true,"valueName":"search_term_string"}}],"inLanguage":"es"},{"@type":"Organization","@id":"https:\/\/tiendadeproductosdelimpieza.com\/#organization","name":"Tienda de productos de limpieza","alternateName":"Punto Limpio SL","url":"https:\/\/tiendadeproductosdelimpieza.com\/","logo":{"@type":"ImageObject","inLanguage":"es","@id":"https:\/\/tiendadeproductosdelimpieza.com\/#\/schema\/logo\/image\/","url":"https:\/\/tiendadeproductosdelimpieza.com\/wp-content\/uploads\/2024\/05\/cropped-Letras-PL-1.png","contentUrl":"https:\/\/tiendadeproductosdelimpieza.com\/wp-content\/uploads\/2024\/05\/cropped-Letras-PL-1.png","width":512,"height":512,"caption":"Tienda de productos de limpieza"},"image":{"@id":"https:\/\/tiendadeproductosdelimpieza.com\/#\/schema\/logo\/image\/"},"sameAs":["https:\/\/www.facebook.com\/puntolimpiotienda\/?locale=es_ES","https:\/\/www.instagram.com\/punto.limpio\/"]}]}},"_links":{"self":[{"href":"https:\/\/tiendadeproductosdelimpieza.com\/index.php\/wp-json\/wp\/v2\/pages\/13211","targetHints":{"allow":["GET"]}}],"collection":[{"href":"https:\/\/tiendadeproductosdelimpieza.com\/index.php\/wp-json\/wp\/v2\/pages"}],"about":[{"href":"https:\/\/tiendadeproductosdelimpieza.com\/index.php\/wp-json\/wp\/v2\/types\/page"}],"author":[{"embeddable":true,"href":"https:\/\/tiendadeproductosdelimpieza.com\/index.php\/wp-json\/wp\/v2\/users\/1"}],"replies":[{"embeddable":true,"href":"https:\/\/tiendadeproductosdelimpieza.com\/index.php\/wp-json\/wp\/v2\/comments?post=13211"}],"version-history":[{"count":6,"href":"https:\/\/tiendadeproductosdelimpieza.com\/index.php\/wp-json\/wp\/v2\/pages\/13211\/revisions"}],"predecessor-version":[{"id":14459,"href":"https:\/\/tiendadeproductosdelimpieza.com\/index.php\/wp-json\/wp\/v2\/pages\/13211\/revisions\/14459"}],"wp:attachment":[{"href":"https:\/\/tiendadeproductosdelimpieza.com\/index.php\/wp-json\/wp\/v2\/media?parent=13211"}],"curies":[{"name":"wp","href":"https:\/\/api.w.org\/{rel}","templated":true}]}}